{"id":3442,"date":"2025-04-10T16:00:22","date_gmt":"2025-04-10T15:00:22","guid":{"rendered":"https:\/\/stellaematutinae.org\/?page_id=3442"},"modified":"2025-04-10T16:00:41","modified_gmt":"2025-04-10T15:00:41","slug":"17-april-thursday","status":"publish","type":"page","link":"https:\/\/stellaematutinae.org\/de\/17-april-thursday\/","title":{"rendered":"17. April &#8211; Thursday"},"content":{"rendered":"<p><\/p>\n\n\n\n<div class=\"wp-block-uagb-container uagb-block-bqr2vg5d alignfull uagb-is-root-container\"><div class=\"uagb-container-inner-blocks-wrap\">\n<div class=\"wp-block-uagb-info-box uagb-block-e8wnxoye uagb-infobox__content-wrap  uagb-infobox-icon-above-title uagb-infobox-image-valign-top\"><div class=\"uagb-ifb-content\"><div class=\"uagb-ifb-title-wrap\"><h1 class=\"uagb-ifb-title\">17. April &#8211; Thursday<\/h1><\/div><\/div><\/div>\n<\/div><\/div>\n\n\n\n<p><\/p>\n\n\n\n<div class=\"wp-block-uagb-container uagb-block-rjnftorg alignfull uagb-is-root-container\"><div class=\"uagb-container-inner-blocks-wrap\">\n<div class=\"wp-block-uagb-info-box uagb-block-bf8kik5p uagb-infobox__content-wrap  uagb-infobox-icon-above-title uagb-infobox-image-valign-top\"><div class=\"uagb-ifb-content\"><div class=\"uagb-ifb-title-wrap\"><h2 class=\"uagb-ifb-title\"><strong>\u201eStars of tomorrow V\u201d \u2013\u00a0<em>Matin\u00e9e-Konzert junger Talente<\/em><\/strong><\/h2><\/div><p class=\"uagb-ifb-desc\"><strong>Rosie Murphy<\/strong>\u00a0\u2013\u00a0<em>\u201eBetween the Strings: Echoes of the Harp\u201d \u2013 Musik des 21. Jahrhunderts<\/em><br><strong>Gabriela Dudziak\u00a0<\/strong>\u2013\u00a0<em>Arabesque und Neue Sachlichkeit \u2013 Zwischen Verzierung und reiner Form<\/em><\/p><\/div><\/div>\n\n\n\n<div class=\"wp-block-uagb-container uagb-block-hzvq1o1p\">\n<div class=\"wp-block-uagb-container uagb-block-vsap864m\">\n<div class=\"wp-block-uagb-info-box uagb-block-8ghciox1 uagb-infobox__content-wrap  uagb-infobox-icon-above-title uagb-infobox-image-valign-top\"><div class=\"uagb-ifb-content\"><div class=\"uagb-ifb-title-wrap\"><\/div><p class=\"uagb-ifb-desc\">1. Greg Caffrey (*1963) \u2013 Takemitsu\u2019s Dream (2008), arranged for harp Rosie Murphy 2024<br><br>2. Rosie Murphy (*2000) \u2013 paidir chi\u00fain a r\u00e1 (2024)<br><br>3. Naji Hakim (1955) \u2013 Jeu (1999)<\/p><\/div><\/div>\n<\/div>\n\n\n\n<div class=\"wp-block-uagb-image alignleft uagb-block-nuzvwkq7 wp-block-uagb-image--layout-default wp-block-uagb-image--effect-static wp-block-uagb-image--align-left\"><figure class=\"wp-block-uagb-image__figure\"><img decoding=\"async\" srcset=\"https:\/\/stellaematutinae.org\/wp-content\/uploads\/2025\/04\/Murphy-683x1024.jpg ,https:\/\/stellaematutinae.org\/wp-content\/uploads\/2025\/04\/Murphy.jpg 780w, https:\/\/stellaematutinae.org\/wp-content\/uploads\/2025\/04\/Murphy.jpg 360w\" sizes=\"auto, (max-width: 480px) 150px\" src=\"https:\/\/stellaematutinae.org\/wp-content\/uploads\/2025\/04\/Murphy-683x1024.jpg\" alt=\"\" class=\"uag-image-3343\" width=\"564\" height=\"400\" title=\"Murphy\" loading=\"lazy\" role=\"img\"\/><\/figure><\/div>\n<\/div>\n\n\n\n<div class=\"wp-block-uagb-container uagb-block-2c79fc26\">\n<div class=\"wp-block-uagb-container uagb-block-e837898d\">\n<div class=\"wp-block-uagb-info-box uagb-block-04774c9f uagb-infobox__content-wrap  uagb-infobox-icon-above-title uagb-infobox-image-valign-top\"><div class=\"uagb-ifb-content\"><div class=\"uagb-ifb-title-wrap\"><\/div><p class=\"uagb-ifb-desc\">1. Marcel Tournier (1879-1951) \u2013 Sonatine Op. 30\u00a0<br><br>II. Calme et expressif<br><br>2. Marta Ptaszy\u0144ska (*1943) \u2013 Arabesque for harp solo<br><br>3. Jean-Philippe Rameau (1683-1764) \u2013 L\u2019\u00e9gyptienne<br><br>4. Paul Hindemith (1895-1963) \u2013 Sonata for Harp<br>I. M\u00e4\u00dfig schnell<br>II. Lebhaft<br>III. Sehr langsam<\/p><\/div><\/div>\n<\/div>\n\n\n\n<div class=\"wp-block-uagb-image alignleft uagb-block-e8dd3ac5 wp-block-uagb-image--layout-default wp-block-uagb-image--effect-static wp-block-uagb-image--align-left\"><figure class=\"wp-block-uagb-image__figure\"><img decoding=\"async\" srcset=\"https:\/\/stellaematutinae.org\/wp-content\/uploads\/2025\/04\/Dudziak2-819x1024.jpeg ,https:\/\/stellaematutinae.org\/wp-content\/uploads\/2025\/04\/Dudziak2-scaled.jpeg 780w, https:\/\/stellaematutinae.org\/wp-content\/uploads\/2025\/04\/Dudziak2-scaled.jpeg 360w\" sizes=\"auto, (max-width: 480px) 150px\" src=\"https:\/\/stellaematutinae.org\/wp-content\/uploads\/2025\/04\/Dudziak2-819x1024.jpeg\" alt=\"\" class=\"uag-image-3338\" width=\"564\" height=\"400\" title=\"Dudziak2\" loading=\"lazy\" role=\"img\"\/><\/figure><\/div>\n<\/div>\n<\/div><\/div>\n\n\n\n<div class=\"wp-block-uagb-container uagb-block-77d8d45d alignfull uagb-is-root-container\"><div class=\"uagb-container-inner-blocks-wrap\">\n<div class=\"wp-block-uagb-info-box uagb-block-167b8d4e uagb-infobox__content-wrap  uagb-infobox-icon-above-title uagb-infobox-image-valign-top\"><div class=\"uagb-ifb-content\"><div class=\"uagb-ifb-title-wrap\"><h2 class=\"uagb-ifb-title\"><strong><strong><strong><strong><strong>Kerzenkonzert \u201eHommage\u201c \u2013\u00a0<em>Krakauer Harfenquintett<\/em><\/strong><\/strong><\/strong><\/strong><\/strong><\/h2><\/div><p class=\"uagb-ifb-desc\"><em><em><em><em>Adrian Nowak (Harfe), Magdalena Di Blasi (Fl\u00f6te), Barbara Mglej (Violine), Jan Czy\u017cewski (Viola) Pawe\u0142 Czarakcziew (Cello)<\/em><\/em><\/em><\/em><\/p><\/div><\/div>\n\n\n\n<div class=\"wp-block-uagb-container uagb-block-94d8c8a3\">\n<div class=\"wp-block-uagb-container uagb-block-28b072d3\">\n<div class=\"wp-block-uagb-info-box uagb-block-6858034d uagb-infobox__content-wrap  uagb-infobox-icon-above-title uagb-infobox-image-valign-top\"><div class=\"uagb-ifb-content\"><div class=\"uagb-ifb-title-wrap\"><\/div><p class=\"uagb-ifb-desc\">1. Jean Cras (1879-1932) &#8211; Quintette pour harpe, fl\u00fbte, violon, alto et violoncelle (1928)<br>I. Assez anim\u00e9<br>II. Anim\u00e9<br>III. Lent<br>IV. Tr\u00e8s anim\u00e9<br>\u00a0<br>2. Jean-Yves Daniel-Lesur (1908-2002) &#8211; Suite m\u00e9di\u00e9vale (1945)<br>I. Monodie<br>II. L\u2019Ange au sourire<br>III. Symphonie<br>IV. Complainte<br>V. Danse<br>\u00a0<br>3. Jean-Michel Damase (1928-2013) &#8211; Quintette pour fl\u00fbte, harpe, violon, alto et violoncelle, op. 2 (1948)<br>I. Allegro moderato<br>II. Andante<br>III. Allegro vivace<br>\u00a0<br>4. Aleksander Tansman (1897-1986) &#8211; Sonatina da Camera (1952)<br>I. Introduction &amp; Allegro<br>II. Notturno<br>III. Finale (Scherzo)<br><\/p><\/div><\/div>\n<\/div>\n\n\n\n<div class=\"wp-block-uagb-image alignleft uagb-block-225d1455 wp-block-uagb-image--layout-default wp-block-uagb-image--effect-static wp-block-uagb-image--align-left\"><figure class=\"wp-block-uagb-image__figure\"><img decoding=\"async\" srcset=\"https:\/\/stellaematutinae.org\/wp-content\/uploads\/2024\/10\/DSC7894_fot_klaudyna_schubert-1024x683.jpg ,https:\/\/stellaematutinae.org\/wp-content\/uploads\/2024\/10\/DSC7894_fot_klaudyna_schubert.jpg 780w, https:\/\/stellaematutinae.org\/wp-content\/uploads\/2024\/10\/DSC7894_fot_klaudyna_schubert.jpg 360w\" sizes=\"auto, (max-width: 480px) 150px\" src=\"https:\/\/stellaematutinae.org\/wp-content\/uploads\/2024\/10\/DSC7894_fot_klaudyna_schubert-1024x683.jpg\" alt=\"\" class=\"uag-image-2456\" width=\"564\" height=\"400\" title=\"_DSC7894_fot_klaudyna_schubert\" loading=\"lazy\" role=\"img\"\/><\/figure><\/div>\n<\/div>\n<\/div><\/div>\n\n\n\n<p><\/p>","protected":false},"excerpt":{"rendered":"","protected":false},"author":1,"featured_media":0,"parent":0,"menu_order":0,"comment_status":"closed","ping_status":"closed","template":"","meta":{"_surecart_dashboard_logo_width":"180px","_surecart_dashboard_show_logo":true,"_surecart_dashboard_navigation_orders":true,"_surecart_dashboard_navigation_invoices":true,"_surecart_dashboard_navigation_subscriptions":true,"_surecart_dashboard_navigation_downloads":true,"_surecart_dashboard_navigation_billing":true,"_surecart_dashboard_navigation_account":true,"_uag_custom_page_level_css":"","site-sidebar-layout":"default","site-content-layout":"","ast-site-content-layout":"default","site-content-style":"default","site-sidebar-style":"default","ast-global-header-display":"","ast-banner-title-visibility":"","ast-main-header-display":"","ast-hfb-above-header-display":"","ast-hfb-below-header-display":"","ast-hfb-mobile-header-display":"","site-post-title":"","ast-breadcrumbs-content":"","ast-featured-img":"","footer-sml-layout":"","ast-disable-related-posts":"","theme-transparent-header-meta":"","adv-header-id-meta":"","stick-header-meta":"","header-above-stick-meta":"","header-main-stick-meta":"","header-below-stick-meta":"","astra-migrate-meta-layouts":"set","ast-page-background-enabled":"default","ast-page-background-meta":{"desktop":{"background-color":"var(--ast-global-color-4)","background-image":"","background-repeat":"repeat","background-position":"center center","background-size":"auto","background-attachment":"scroll","background-type":"","background-media":"","overlay-type":"","overlay-color":"","overlay-opacity":"","overlay-gradient":""},"tablet":{"background-color":"","background-image":"","background-repeat":"repeat","background-position":"center center","background-size":"auto","background-attachment":"scroll","background-type":"","background-media":"","overlay-type":"","overlay-color":"","overlay-opacity":"","overlay-gradient":""},"mobile":{"background-color":"","background-image":"","background-repeat":"repeat","background-position":"center center","background-size":"auto","background-attachment":"scroll","background-type":"","background-media":"","overlay-type":"","overlay-color":"","overlay-opacity":"","overlay-gradient":""}},"ast-content-background-meta":{"desktop":{"background-color":"var(--ast-global-color-5)","background-image":"","background-repeat":"repeat","background-position":"center center","background-size":"auto","background-attachment":"scroll","background-type":"","background-media":"","overlay-type":"","overlay-color":"","overlay-opacity":"","overlay-gradient":""},"tablet":{"background-color":"var(--ast-global-color-5)","background-image":"","background-repeat":"repeat","background-position":"center center","background-size":"auto","background-attachment":"scroll","background-type":"","background-media":"","overlay-type":"","overlay-color":"","overlay-opacity":"","overlay-gradient":""},"mobile":{"background-color":"var(--ast-global-color-5)","background-image":"","background-repeat":"repeat","background-position":"center center","background-size":"auto","background-attachment":"scroll","background-type":"","background-media":"","overlay-type":"","overlay-color":"","overlay-opacity":"","overlay-gradient":""}},"footnotes":""},"class_list":["post-3442","page","type-page","status-publish","hentry"],"featured_image_src":null,"yoast_head":"<!-- This site is optimized with the Yoast SEO plugin v27.4 - https:\/\/yoast.com\/product\/yoast-seo-wordpress\/ -->\n<title>17. April - Thursday - Stellae Matutinae - European Harp Symposium<\/title>\n<meta name=\"robots\" content=\"index, follow, max-snippet:-1, max-image-preview:large, max-video-preview:-1\" \/>\n<link rel=\"canonical\" href=\"https:\/\/stellaematutinae.org\/de\/17-april-thursday\/\" \/>\n<meta property=\"og:locale\" content=\"de_DE\" \/>\n<meta property=\"og:type\" content=\"article\" \/>\n<meta property=\"og:title\" content=\"17. April - Thursday - Stellae Matutinae - European Harp Symposium\" \/>\n<meta property=\"og:url\" content=\"https:\/\/stellaematutinae.org\/de\/17-april-thursday\/\" \/>\n<meta property=\"og:site_name\" content=\"Stellae Matutinae - European Harp Symposium\" \/>\n<meta property=\"article:publisher\" content=\"https:\/\/www.facebook.com\/stellaematutinae\" \/>\n<meta property=\"article:modified_time\" content=\"2025-04-10T15:00:41+00:00\" \/>\n<meta property=\"og:image\" content=\"https:\/\/stellaematutinae.org\/wp-content\/uploads\/2025\/04\/Murphy-683x1024.jpg\" \/>\n<meta name=\"twitter:card\" content=\"summary_large_image\" \/>\n<meta name=\"twitter:label1\" content=\"Gesch\u00e4tzte Lesezeit\" \/>\n\t<meta name=\"twitter:data1\" content=\"2\u00a0Minuten\" \/>\n<script type=\"application\/ld+json\" class=\"yoast-schema-graph\">{\"@context\":\"https:\\\/\\\/schema.org\",\"@graph\":[{\"@type\":\"WebPage\",\"@id\":\"https:\\\/\\\/stellaematutinae.org\\\/17-april-thursday\\\/\",\"url\":\"https:\\\/\\\/stellaematutinae.org\\\/17-april-thursday\\\/\",\"name\":\"17. April - Thursday - Stellae Matutinae - European Harp Symposium\",\"isPartOf\":{\"@id\":\"https:\\\/\\\/stellaematutinae.org\\\/#website\"},\"primaryImageOfPage\":{\"@id\":\"https:\\\/\\\/stellaematutinae.org\\\/17-april-thursday\\\/#primaryimage\"},\"image\":{\"@id\":\"https:\\\/\\\/stellaematutinae.org\\\/17-april-thursday\\\/#primaryimage\"},\"thumbnailUrl\":\"https:\\\/\\\/stellaematutinae.org\\\/wp-content\\\/uploads\\\/2025\\\/04\\\/Murphy-683x1024.jpg\",\"datePublished\":\"2025-04-10T15:00:22+00:00\",\"dateModified\":\"2025-04-10T15:00:41+00:00\",\"breadcrumb\":{\"@id\":\"https:\\\/\\\/stellaematutinae.org\\\/17-april-thursday\\\/#breadcrumb\"},\"inLanguage\":\"de\",\"potentialAction\":[{\"@type\":\"ReadAction\",\"target\":[\"https:\\\/\\\/stellaematutinae.org\\\/17-april-thursday\\\/\"]}]},{\"@type\":\"ImageObject\",\"inLanguage\":\"de\",\"@id\":\"https:\\\/\\\/stellaematutinae.org\\\/17-april-thursday\\\/#primaryimage\",\"url\":\"https:\\\/\\\/stellaematutinae.org\\\/wp-content\\\/uploads\\\/2025\\\/04\\\/Murphy-683x1024.jpg\",\"contentUrl\":\"https:\\\/\\\/stellaematutinae.org\\\/wp-content\\\/uploads\\\/2025\\\/04\\\/Murphy-683x1024.jpg\"},{\"@type\":\"BreadcrumbList\",\"@id\":\"https:\\\/\\\/stellaematutinae.org\\\/17-april-thursday\\\/#breadcrumb\",\"itemListElement\":[{\"@type\":\"ListItem\",\"position\":1,\"name\":\"Home\",\"item\":\"https:\\\/\\\/stellaematutinae.org\\\/\"},{\"@type\":\"ListItem\",\"position\":2,\"name\":\"17. April &#8211; Thursday\"}]},{\"@type\":\"WebSite\",\"@id\":\"https:\\\/\\\/stellaematutinae.org\\\/#website\",\"url\":\"https:\\\/\\\/stellaematutinae.org\\\/\",\"name\":\"Stellae Matutinae - European Harp Symposium\",\"description\":\"Folge den Sternen - Follow the Stars\",\"publisher\":{\"@id\":\"https:\\\/\\\/stellaematutinae.org\\\/#organization\"},\"alternateName\":\"European Harp Symposium 2025\",\"potentialAction\":[{\"@type\":\"SearchAction\",\"target\":{\"@type\":\"EntryPoint\",\"urlTemplate\":\"https:\\\/\\\/stellaematutinae.org\\\/?s={search_term_string}\"},\"query-input\":{\"@type\":\"PropertyValueSpecification\",\"valueRequired\":true,\"valueName\":\"search_term_string\"}}],\"inLanguage\":\"de\"},{\"@type\":\"Organization\",\"@id\":\"https:\\\/\\\/stellaematutinae.org\\\/#organization\",\"name\":\"Stellae Matutinae\",\"url\":\"https:\\\/\\\/stellaematutinae.org\\\/\",\"logo\":{\"@type\":\"ImageObject\",\"inLanguage\":\"de\",\"@id\":\"https:\\\/\\\/stellaematutinae.org\\\/#\\\/schema\\\/logo\\\/image\\\/\",\"url\":\"http:\\\/\\\/stellaematutinae.org\\\/wp-content\\\/uploads\\\/2024\\\/09\\\/cropped-nur-Stern.png\",\"contentUrl\":\"http:\\\/\\\/stellaematutinae.org\\\/wp-content\\\/uploads\\\/2024\\\/09\\\/cropped-nur-Stern.png\",\"width\":512,\"height\":512,\"caption\":\"Stellae Matutinae\"},\"image\":{\"@id\":\"https:\\\/\\\/stellaematutinae.org\\\/#\\\/schema\\\/logo\\\/image\\\/\"},\"sameAs\":[\"https:\\\/\\\/www.facebook.com\\\/stellaematutinae\",\"https:\\\/\\\/www.youtube.com\\\/@stellae_matutinae\",\"https:\\\/\\\/instagram.com\\\/stellaematutinae\"]}]}<\/script>\n<!-- \/ Yoast SEO plugin. -->","yoast_head_json":{"title":"17. April - Thursday - Stellae Matutinae - European Harp Symposium","robots":{"index":"index","follow":"follow","max-snippet":"max-snippet:-1","max-image-preview":"max-image-preview:large","max-video-preview":"max-video-preview:-1"},"canonical":"https:\/\/stellaematutinae.org\/de\/17-april-thursday\/","og_locale":"de_DE","og_type":"article","og_title":"17. April - Thursday - Stellae Matutinae - European Harp Symposium","og_url":"https:\/\/stellaematutinae.org\/de\/17-april-thursday\/","og_site_name":"Stellae Matutinae - European Harp Symposium","article_publisher":"https:\/\/www.facebook.com\/stellaematutinae","article_modified_time":"2025-04-10T15:00:41+00:00","og_image":[{"url":"https:\/\/stellaematutinae.org\/wp-content\/uploads\/2025\/04\/Murphy-683x1024.jpg","type":"","width":"","height":""}],"twitter_card":"summary_large_image","twitter_misc":{"Gesch\u00e4tzte Lesezeit":"2\u00a0Minuten"},"schema":{"@context":"https:\/\/schema.org","@graph":[{"@type":"WebPage","@id":"https:\/\/stellaematutinae.org\/17-april-thursday\/","url":"https:\/\/stellaematutinae.org\/17-april-thursday\/","name":"17. April - Thursday - Stellae Matutinae - European Harp Symposium","isPartOf":{"@id":"https:\/\/stellaematutinae.org\/#website"},"primaryImageOfPage":{"@id":"https:\/\/stellaematutinae.org\/17-april-thursday\/#primaryimage"},"image":{"@id":"https:\/\/stellaematutinae.org\/17-april-thursday\/#primaryimage"},"thumbnailUrl":"https:\/\/stellaematutinae.org\/wp-content\/uploads\/2025\/04\/Murphy-683x1024.jpg","datePublished":"2025-04-10T15:00:22+00:00","dateModified":"2025-04-10T15:00:41+00:00","breadcrumb":{"@id":"https:\/\/stellaematutinae.org\/17-april-thursday\/#breadcrumb"},"inLanguage":"de","potentialAction":[{"@type":"ReadAction","target":["https:\/\/stellaematutinae.org\/17-april-thursday\/"]}]},{"@type":"ImageObject","inLanguage":"de","@id":"https:\/\/stellaematutinae.org\/17-april-thursday\/#primaryimage","url":"https:\/\/stellaematutinae.org\/wp-content\/uploads\/2025\/04\/Murphy-683x1024.jpg","contentUrl":"https:\/\/stellaematutinae.org\/wp-content\/uploads\/2025\/04\/Murphy-683x1024.jpg"},{"@type":"BreadcrumbList","@id":"https:\/\/stellaematutinae.org\/17-april-thursday\/#breadcrumb","itemListElement":[{"@type":"ListItem","position":1,"name":"Home","item":"https:\/\/stellaematutinae.org\/"},{"@type":"ListItem","position":2,"name":"17. April &#8211; Thursday"}]},{"@type":"WebSite","@id":"https:\/\/stellaematutinae.org\/#website","url":"https:\/\/stellaematutinae.org\/","name":"Stellae Matutinae - European Harp Symposium","description":"Folge den Sternen - Follow the Stars","publisher":{"@id":"https:\/\/stellaematutinae.org\/#organization"},"alternateName":"European Harp Symposium 2025","potentialAction":[{"@type":"SearchAction","target":{"@type":"EntryPoint","urlTemplate":"https:\/\/stellaematutinae.org\/?s={search_term_string}"},"query-input":{"@type":"PropertyValueSpecification","valueRequired":true,"valueName":"search_term_string"}}],"inLanguage":"de"},{"@type":"Organization","@id":"https:\/\/stellaematutinae.org\/#organization","name":"Stellae Matutinae","url":"https:\/\/stellaematutinae.org\/","logo":{"@type":"ImageObject","inLanguage":"de","@id":"https:\/\/stellaematutinae.org\/#\/schema\/logo\/image\/","url":"http:\/\/stellaematutinae.org\/wp-content\/uploads\/2024\/09\/cropped-nur-Stern.png","contentUrl":"http:\/\/stellaematutinae.org\/wp-content\/uploads\/2024\/09\/cropped-nur-Stern.png","width":512,"height":512,"caption":"Stellae Matutinae"},"image":{"@id":"https:\/\/stellaematutinae.org\/#\/schema\/logo\/image\/"},"sameAs":["https:\/\/www.facebook.com\/stellaematutinae","https:\/\/www.youtube.com\/@stellae_matutinae","https:\/\/instagram.com\/stellaematutinae"]}]}},"uagb_featured_image_src":{"full":false,"thumbnail":false,"medium":false,"medium_large":false,"large":false,"1536x1536":false,"2048x2048":false,"trp-custom-language-flag":false,"tb-timeline-landscape":false,"tb-timeline-square":false},"uagb_author_info":{"display_name":"admin","author_link":"https:\/\/stellaematutinae.org\/de\/author\/admin\/"},"uagb_comment_info":0,"uagb_excerpt":null,"_links":{"self":[{"href":"https:\/\/stellaematutinae.org\/de\/wp-json\/wp\/v2\/pages\/3442","targetHints":{"allow":["GET"]}}],"collection":[{"href":"https:\/\/stellaematutinae.org\/de\/wp-json\/wp\/v2\/pages"}],"about":[{"href":"https:\/\/stellaematutinae.org\/de\/wp-json\/wp\/v2\/types\/page"}],"author":[{"embeddable":true,"href":"https:\/\/stellaematutinae.org\/de\/wp-json\/wp\/v2\/users\/1"}],"replies":[{"embeddable":true,"href":"https:\/\/stellaematutinae.org\/de\/wp-json\/wp\/v2\/comments?post=3442"}],"version-history":[{"count":1,"href":"https:\/\/stellaematutinae.org\/de\/wp-json\/wp\/v2\/pages\/3442\/revisions"}],"predecessor-version":[{"id":3443,"href":"https:\/\/stellaematutinae.org\/de\/wp-json\/wp\/v2\/pages\/3442\/revisions\/3443"}],"wp:attachment":[{"href":"https:\/\/stellaematutinae.org\/de\/wp-json\/wp\/v2\/media?parent=3442"}],"curies":[{"name":"wp","href":"https:\/\/api.w.org\/{rel}","templated":true}]}}