{"id":3435,"date":"2025-04-10T15:31:32","date_gmt":"2025-04-10T14:31:32","guid":{"rendered":"https:\/\/stellaematutinae.org\/?page_id=3435"},"modified":"2025-04-10T15:32:08","modified_gmt":"2025-04-10T14:32:08","slug":"15-april-tuesday","status":"publish","type":"page","link":"https:\/\/stellaematutinae.org\/de\/15-april-tuesday\/","title":{"rendered":"15. April &#8211; Tuesday"},"content":{"rendered":"<p><\/p>\n\n\n\n<div class=\"wp-block-uagb-container uagb-block-bqr2vg5d alignfull uagb-is-root-container\"><div class=\"uagb-container-inner-blocks-wrap\">\n<div class=\"wp-block-uagb-info-box uagb-block-e8wnxoye uagb-infobox__content-wrap  uagb-infobox-icon-above-title uagb-infobox-image-valign-top\"><div class=\"uagb-ifb-content\"><div class=\"uagb-ifb-title-wrap\"><h1 class=\"uagb-ifb-title\">15. April &#8211; Tuesday<\/h1><\/div><\/div><\/div>\n<\/div><\/div>\n\n\n\n<p><\/p>\n\n\n\n<div class=\"wp-block-uagb-container uagb-block-rjnftorg alignfull uagb-is-root-container\"><div class=\"uagb-container-inner-blocks-wrap\">\n<div class=\"wp-block-uagb-info-box uagb-block-bf8kik5p uagb-infobox__content-wrap  uagb-infobox-icon-above-title uagb-infobox-image-valign-top\"><div class=\"uagb-ifb-content\"><div class=\"uagb-ifb-title-wrap\"><h2 class=\"uagb-ifb-title\"><strong>\u201eStars of tomorrow III\u201d \u2013\u00a0<em>Matin\u00e9e-Konzert junger Talente<\/em><\/strong><\/h2><\/div><p class=\"uagb-ifb-desc\"><strong>Zeynep Duru G\u00fcle\u00e7\u00a0<\/strong>\u2013\u00a0<em>Werke t\u00fcrkischer und internationaler Komponist*innen des 20<\/em><br><strong>Teodora Cotuna Rizea \u2013\u00a0<\/strong><em>Von Sonaten zu Sinfonien f\u00fcr Harfe Solo<\/em><\/p><\/div><\/div>\n\n\n\n<div class=\"wp-block-uagb-container uagb-block-hzvq1o1p\">\n<div class=\"wp-block-uagb-container uagb-block-vsap864m\">\n<div class=\"wp-block-uagb-info-box uagb-block-8ghciox1 uagb-infobox__content-wrap  uagb-infobox-icon-above-title uagb-infobox-image-valign-top\"><div class=\"uagb-ifb-content\"><div class=\"uagb-ifb-title-wrap\"><\/div><p class=\"uagb-ifb-desc\">1. Michael Mauldin (*1947) &#8211; Birds in Winter : Six Preludes for Harp<br><br>2. Albert Roussel (1869-1937) &#8211; Impromptu<br><br>3. Hasan U\u00e7arsu (*1965) &#8211; Blue Moon is Grey, Yellow Wall is Night<br><br>4. \u015eirin Pancaro\u011flu (*1968) &#8211; \u0130ntisab\u00a0<br><br>5. Carlos Salzedo (1885-1961) &#8211; Whirlwind<\/p><\/div><\/div>\n<\/div>\n\n\n\n<div class=\"wp-block-uagb-image alignleft uagb-block-nuzvwkq7 wp-block-uagb-image--layout-default wp-block-uagb-image--effect-static wp-block-uagb-image--align-left\"><figure class=\"wp-block-uagb-image__figure\"><img decoding=\"async\" srcset=\"https:\/\/stellaematutinae.org\/wp-content\/uploads\/2025\/04\/Zeynep.jpg ,https:\/\/stellaematutinae.org\/wp-content\/uploads\/2025\/04\/Zeynep.jpg 780w, https:\/\/stellaematutinae.org\/wp-content\/uploads\/2025\/04\/Zeynep.jpg 360w\" sizes=\"auto, (max-width: 480px) 150px\" src=\"https:\/\/stellaematutinae.org\/wp-content\/uploads\/2025\/04\/Zeynep.jpg\" alt=\"\" class=\"uag-image-3349\" width=\"564\" height=\"400\" title=\"Zeynep\" loading=\"lazy\" role=\"img\"\/><\/figure><\/div>\n<\/div>\n\n\n\n<div class=\"wp-block-uagb-container uagb-block-2c79fc26\">\n<div class=\"wp-block-uagb-container uagb-block-e837898d\">\n<div class=\"wp-block-uagb-info-box uagb-block-04774c9f uagb-infobox__content-wrap  uagb-infobox-icon-above-title uagb-infobox-image-valign-top\"><div class=\"uagb-ifb-content\"><div class=\"uagb-ifb-title-wrap\"><\/div><p class=\"uagb-ifb-desc\">1. Domenico Scarlatti (1685-1757) \u2013 Sonata in F minor, K.466\u00a0<br><br>2. Gabriel Faur\u00e9 (1854-1924) \u2013 Impromptu, Op.86<br><br>3. Andr\u00e9 Caplet (1878-1925) \u2013 Divertissement \u00e0 l\u2019espagnole<br><br>4. Henriette Reni\u00e9 (1875-1956) \u2013 Pi\u00e8ce Symphonique \u2013 En trois \u00e9pisodes (1907)<\/p><\/div><\/div>\n<\/div>\n\n\n\n<div class=\"wp-block-uagb-image alignleft uagb-block-e8dd3ac5 wp-block-uagb-image--layout-default wp-block-uagb-image--effect-static wp-block-uagb-image--align-left\"><figure class=\"wp-block-uagb-image__figure\"><img decoding=\"async\" srcset=\"https:\/\/stellaematutinae.org\/wp-content\/uploads\/2025\/04\/Cotuna-497x1024.jpeg ,https:\/\/stellaematutinae.org\/wp-content\/uploads\/2025\/04\/Cotuna-scaled.jpeg 780w, https:\/\/stellaematutinae.org\/wp-content\/uploads\/2025\/04\/Cotuna-scaled.jpeg 360w\" sizes=\"auto, (max-width: 480px) 150px\" src=\"https:\/\/stellaematutinae.org\/wp-content\/uploads\/2025\/04\/Cotuna-497x1024.jpeg\" alt=\"\" class=\"uag-image-3335\" width=\"564\" height=\"400\" title=\"Cotuna\" loading=\"lazy\" role=\"img\"\/><\/figure><\/div>\n<\/div>\n<\/div><\/div>\n\n\n\n<div class=\"wp-block-uagb-container uagb-block-77d8d45d alignfull uagb-is-root-container\"><div class=\"uagb-container-inner-blocks-wrap\">\n<div class=\"wp-block-uagb-info-box uagb-block-167b8d4e uagb-infobox__content-wrap  uagb-infobox-icon-above-title uagb-infobox-image-valign-top\"><div class=\"uagb-ifb-content\"><div class=\"uagb-ifb-title-wrap\"><h2 class=\"uagb-ifb-title\"><strong><strong><strong>Concert \u201cChube Live\u201d \u2013\u00a0<em>Benjamin Creighton Griffiths (electric harp), Ashley John Long (bass) and Jon\u00a0Bradford-Jones (percussion)<\/em><\/strong><\/strong><\/strong><\/h2><\/div><p class=\"uagb-ifb-desc\"><em><em>Chube are excited to bring you a fresh take on jazz fusion \u2013 lead by the harp<\/em><\/em><\/p><\/div><\/div>\n\n\n\n<div class=\"wp-block-uagb-container uagb-block-94d8c8a3\">\n<div class=\"wp-block-uagb-container uagb-block-28b072d3\">\n<div class=\"wp-block-uagb-info-box uagb-block-6858034d uagb-infobox__content-wrap  uagb-infobox-icon-above-title uagb-infobox-image-valign-top\"><div class=\"uagb-ifb-content\"><div class=\"uagb-ifb-title-wrap\"><\/div><p class=\"uagb-ifb-desc\"><em>Chube are excited to bring you a fresh take on jazz fusion &#8211; lead by the harp. We draw our inspiration from a wide variety of artists and genres and aim to write electro acoustic music that pushes the boundaries of our instruments. The harp features prominently in performances, and we aim to take the harp (both with compositional devices and technology) from its regular, classical sound, to a rock guitar through distortion, an ambient synth through delays and phasers, and much more. Combined with innovative percussion and groovy bass riffs it all goes to creating a totally unique blend of Fusion.<\/em><br><br><em>Chube freuen sich, Ihnen eine frische Interpretation von Jazz-Fusion zu pr\u00e4sentieren &#8211; angef\u00fchrt von der Harfe. Wir lassen uns von einer Vielzahl von K\u00fcnstlern und Genres inspirieren und haben uns zum Ziel gesetzt, elektroakustische Musik zu schreiben, die die Grenzen unserer Instrumente erweitert. Die Harfe spielt bei Auff\u00fchrungen eine wichtige Rolle, und unser Ziel ist es, die Harfe (sowohl mit kompositorischen Mitteln als auch mit Technologie) von ihrem normalen, klassischen Klang zu einer Rockgitarre durch Verzerrung, einem Ambient-Synthesizer durch Delays und Phaser und vielem mehr zu f\u00fchren. Kombiniert mit innovativer Percussion und groovigen Bass-Riffs entsteht eine v\u00f6llig einzigartige Mischung aus Fusion.<\/em><\/p><\/div><\/div>\n<\/div>\n\n\n\n<div class=\"wp-block-uagb-image alignleft uagb-block-225d1455 wp-block-uagb-image--layout-default wp-block-uagb-image--effect-static wp-block-uagb-image--align-left\"><figure class=\"wp-block-uagb-image__figure\"><img decoding=\"async\" srcset=\"https:\/\/stellaematutinae.org\/wp-content\/uploads\/2024\/10\/Chube-Elliott-Cooper-old-lineup-1024x683.jpg ,https:\/\/stellaematutinae.org\/wp-content\/uploads\/2024\/10\/Chube-Elliott-Cooper-old-lineup-scaled.jpg 780w, https:\/\/stellaematutinae.org\/wp-content\/uploads\/2024\/10\/Chube-Elliott-Cooper-old-lineup-scaled.jpg 360w\" sizes=\"auto, (max-width: 480px) 150px\" src=\"https:\/\/stellaematutinae.org\/wp-content\/uploads\/2024\/10\/Chube-Elliott-Cooper-old-lineup-1024x683.jpg\" alt=\"\" class=\"uag-image-2740\" width=\"564\" height=\"400\" title=\"Chube Elliott Cooper (old lineup)\" loading=\"lazy\" role=\"img\"\/><\/figure><\/div>\n<\/div>\n<\/div><\/div>","protected":false},"excerpt":{"rendered":"","protected":false},"author":1,"featured_media":0,"parent":0,"menu_order":0,"comment_status":"closed","ping_status":"closed","template":"","meta":{"_surecart_dashboard_logo_width":"180px","_surecart_dashboard_show_logo":true,"_surecart_dashboard_navigation_orders":true,"_surecart_dashboard_navigation_invoices":true,"_surecart_dashboard_navigation_subscriptions":true,"_surecart_dashboard_navigation_downloads":true,"_surecart_dashboard_navigation_billing":true,"_surecart_dashboard_navigation_account":true,"_uag_custom_page_level_css":"","site-sidebar-layout":"default","site-content-layout":"","ast-site-content-layout":"default","site-content-style":"default","site-sidebar-style":"default","ast-global-header-display":"","ast-banner-title-visibility":"","ast-main-header-display":"","ast-hfb-above-header-display":"","ast-hfb-below-header-display":"","ast-hfb-mobile-header-display":"","site-post-title":"","ast-breadcrumbs-content":"","ast-featured-img":"","footer-sml-layout":"","ast-disable-related-posts":"","theme-transparent-header-meta":"","adv-header-id-meta":"","stick-header-meta":"","header-above-stick-meta":"","header-main-stick-meta":"","header-below-stick-meta":"","astra-migrate-meta-layouts":"set","ast-page-background-enabled":"default","ast-page-background-meta":{"desktop":{"background-color":"var(--ast-global-color-4)","background-image":"","background-repeat":"repeat","background-position":"center center","background-size":"auto","background-attachment":"scroll","background-type":"","background-media":"","overlay-type":"","overlay-color":"","overlay-opacity":"","overlay-gradient":""},"tablet":{"background-color":"","background-image":"","background-repeat":"repeat","background-position":"center center","background-size":"auto","background-attachment":"scroll","background-type":"","background-media":"","overlay-type":"","overlay-color":"","overlay-opacity":"","overlay-gradient":""},"mobile":{"background-color":"","background-image":"","background-repeat":"repeat","background-position":"center center","background-size":"auto","background-attachment":"scroll","background-type":"","background-media":"","overlay-type":"","overlay-color":"","overlay-opacity":"","overlay-gradient":""}},"ast-content-background-meta":{"desktop":{"background-color":"var(--ast-global-color-5)","background-image":"","background-repeat":"repeat","background-position":"center center","background-size":"auto","background-attachment":"scroll","background-type":"","background-media":"","overlay-type":"","overlay-color":"","overlay-opacity":"","overlay-gradient":""},"tablet":{"background-color":"var(--ast-global-color-5)","background-image":"","background-repeat":"repeat","background-position":"center center","background-size":"auto","background-attachment":"scroll","background-type":"","background-media":"","overlay-type":"","overlay-color":"","overlay-opacity":"","overlay-gradient":""},"mobile":{"background-color":"var(--ast-global-color-5)","background-image":"","background-repeat":"repeat","background-position":"center center","background-size":"auto","background-attachment":"scroll","background-type":"","background-media":"","overlay-type":"","overlay-color":"","overlay-opacity":"","overlay-gradient":""}},"footnotes":""},"class_list":["post-3435","page","type-page","status-publish","hentry"],"featured_image_src":null,"yoast_head":"<!-- This site is optimized with the Yoast SEO plugin v27.4 - https:\/\/yoast.com\/product\/yoast-seo-wordpress\/ -->\n<title>15. April - Tuesday - Stellae Matutinae - European Harp Symposium<\/title>\n<meta name=\"robots\" content=\"index, follow, max-snippet:-1, max-image-preview:large, max-video-preview:-1\" \/>\n<link rel=\"canonical\" href=\"https:\/\/stellaematutinae.org\/de\/15-april-tuesday\/\" \/>\n<meta property=\"og:locale\" content=\"de_DE\" \/>\n<meta property=\"og:type\" content=\"article\" \/>\n<meta property=\"og:title\" content=\"15. April - Tuesday - Stellae Matutinae - European Harp Symposium\" \/>\n<meta property=\"og:url\" content=\"https:\/\/stellaematutinae.org\/de\/15-april-tuesday\/\" \/>\n<meta property=\"og:site_name\" content=\"Stellae Matutinae - European Harp Symposium\" \/>\n<meta property=\"article:publisher\" content=\"https:\/\/www.facebook.com\/stellaematutinae\" \/>\n<meta property=\"article:modified_time\" content=\"2025-04-10T14:32:08+00:00\" \/>\n<meta property=\"og:image\" content=\"https:\/\/stellaematutinae.org\/wp-content\/uploads\/2025\/04\/Zeynep.jpg\" \/>\n<meta name=\"twitter:card\" content=\"summary_large_image\" \/>\n<meta name=\"twitter:label1\" content=\"Gesch\u00e4tzte Lesezeit\" \/>\n\t<meta name=\"twitter:data1\" content=\"3\u00a0Minuten\" \/>\n<script type=\"application\/ld+json\" class=\"yoast-schema-graph\">{\"@context\":\"https:\\\/\\\/schema.org\",\"@graph\":[{\"@type\":\"WebPage\",\"@id\":\"https:\\\/\\\/stellaematutinae.org\\\/15-april-tuesday\\\/\",\"url\":\"https:\\\/\\\/stellaematutinae.org\\\/15-april-tuesday\\\/\",\"name\":\"15. April - Tuesday - Stellae Matutinae - European Harp Symposium\",\"isPartOf\":{\"@id\":\"https:\\\/\\\/stellaematutinae.org\\\/#website\"},\"primaryImageOfPage\":{\"@id\":\"https:\\\/\\\/stellaematutinae.org\\\/15-april-tuesday\\\/#primaryimage\"},\"image\":{\"@id\":\"https:\\\/\\\/stellaematutinae.org\\\/15-april-tuesday\\\/#primaryimage\"},\"thumbnailUrl\":\"https:\\\/\\\/stellaematutinae.org\\\/wp-content\\\/uploads\\\/2025\\\/04\\\/Zeynep.jpg\",\"datePublished\":\"2025-04-10T14:31:32+00:00\",\"dateModified\":\"2025-04-10T14:32:08+00:00\",\"breadcrumb\":{\"@id\":\"https:\\\/\\\/stellaematutinae.org\\\/15-april-tuesday\\\/#breadcrumb\"},\"inLanguage\":\"de\",\"potentialAction\":[{\"@type\":\"ReadAction\",\"target\":[\"https:\\\/\\\/stellaematutinae.org\\\/15-april-tuesday\\\/\"]}]},{\"@type\":\"ImageObject\",\"inLanguage\":\"de\",\"@id\":\"https:\\\/\\\/stellaematutinae.org\\\/15-april-tuesday\\\/#primaryimage\",\"url\":\"https:\\\/\\\/stellaematutinae.org\\\/wp-content\\\/uploads\\\/2025\\\/04\\\/Zeynep.jpg\",\"contentUrl\":\"https:\\\/\\\/stellaematutinae.org\\\/wp-content\\\/uploads\\\/2025\\\/04\\\/Zeynep.jpg\"},{\"@type\":\"BreadcrumbList\",\"@id\":\"https:\\\/\\\/stellaematutinae.org\\\/15-april-tuesday\\\/#breadcrumb\",\"itemListElement\":[{\"@type\":\"ListItem\",\"position\":1,\"name\":\"Home\",\"item\":\"https:\\\/\\\/stellaematutinae.org\\\/\"},{\"@type\":\"ListItem\",\"position\":2,\"name\":\"15. April &#8211; Tuesday\"}]},{\"@type\":\"WebSite\",\"@id\":\"https:\\\/\\\/stellaematutinae.org\\\/#website\",\"url\":\"https:\\\/\\\/stellaematutinae.org\\\/\",\"name\":\"Stellae Matutinae - European Harp Symposium\",\"description\":\"Folge den Sternen - Follow the Stars\",\"publisher\":{\"@id\":\"https:\\\/\\\/stellaematutinae.org\\\/#organization\"},\"alternateName\":\"European Harp Symposium 2025\",\"potentialAction\":[{\"@type\":\"SearchAction\",\"target\":{\"@type\":\"EntryPoint\",\"urlTemplate\":\"https:\\\/\\\/stellaematutinae.org\\\/?s={search_term_string}\"},\"query-input\":{\"@type\":\"PropertyValueSpecification\",\"valueRequired\":true,\"valueName\":\"search_term_string\"}}],\"inLanguage\":\"de\"},{\"@type\":\"Organization\",\"@id\":\"https:\\\/\\\/stellaematutinae.org\\\/#organization\",\"name\":\"Stellae Matutinae\",\"url\":\"https:\\\/\\\/stellaematutinae.org\\\/\",\"logo\":{\"@type\":\"ImageObject\",\"inLanguage\":\"de\",\"@id\":\"https:\\\/\\\/stellaematutinae.org\\\/#\\\/schema\\\/logo\\\/image\\\/\",\"url\":\"http:\\\/\\\/stellaematutinae.org\\\/wp-content\\\/uploads\\\/2024\\\/09\\\/cropped-nur-Stern.png\",\"contentUrl\":\"http:\\\/\\\/stellaematutinae.org\\\/wp-content\\\/uploads\\\/2024\\\/09\\\/cropped-nur-Stern.png\",\"width\":512,\"height\":512,\"caption\":\"Stellae Matutinae\"},\"image\":{\"@id\":\"https:\\\/\\\/stellaematutinae.org\\\/#\\\/schema\\\/logo\\\/image\\\/\"},\"sameAs\":[\"https:\\\/\\\/www.facebook.com\\\/stellaematutinae\",\"https:\\\/\\\/www.youtube.com\\\/@stellae_matutinae\",\"https:\\\/\\\/instagram.com\\\/stellaematutinae\"]}]}<\/script>\n<!-- \/ Yoast SEO plugin. -->","yoast_head_json":{"title":"15. April - Tuesday - Stellae Matutinae - European Harp Symposium","robots":{"index":"index","follow":"follow","max-snippet":"max-snippet:-1","max-image-preview":"max-image-preview:large","max-video-preview":"max-video-preview:-1"},"canonical":"https:\/\/stellaematutinae.org\/de\/15-april-tuesday\/","og_locale":"de_DE","og_type":"article","og_title":"15. April - Tuesday - Stellae Matutinae - European Harp Symposium","og_url":"https:\/\/stellaematutinae.org\/de\/15-april-tuesday\/","og_site_name":"Stellae Matutinae - European Harp Symposium","article_publisher":"https:\/\/www.facebook.com\/stellaematutinae","article_modified_time":"2025-04-10T14:32:08+00:00","og_image":[{"url":"https:\/\/stellaematutinae.org\/wp-content\/uploads\/2025\/04\/Zeynep.jpg","type":"","width":"","height":""}],"twitter_card":"summary_large_image","twitter_misc":{"Gesch\u00e4tzte Lesezeit":"3\u00a0Minuten"},"schema":{"@context":"https:\/\/schema.org","@graph":[{"@type":"WebPage","@id":"https:\/\/stellaematutinae.org\/15-april-tuesday\/","url":"https:\/\/stellaematutinae.org\/15-april-tuesday\/","name":"15. April - Tuesday - Stellae Matutinae - European Harp Symposium","isPartOf":{"@id":"https:\/\/stellaematutinae.org\/#website"},"primaryImageOfPage":{"@id":"https:\/\/stellaematutinae.org\/15-april-tuesday\/#primaryimage"},"image":{"@id":"https:\/\/stellaematutinae.org\/15-april-tuesday\/#primaryimage"},"thumbnailUrl":"https:\/\/stellaematutinae.org\/wp-content\/uploads\/2025\/04\/Zeynep.jpg","datePublished":"2025-04-10T14:31:32+00:00","dateModified":"2025-04-10T14:32:08+00:00","breadcrumb":{"@id":"https:\/\/stellaematutinae.org\/15-april-tuesday\/#breadcrumb"},"inLanguage":"de","potentialAction":[{"@type":"ReadAction","target":["https:\/\/stellaematutinae.org\/15-april-tuesday\/"]}]},{"@type":"ImageObject","inLanguage":"de","@id":"https:\/\/stellaematutinae.org\/15-april-tuesday\/#primaryimage","url":"https:\/\/stellaematutinae.org\/wp-content\/uploads\/2025\/04\/Zeynep.jpg","contentUrl":"https:\/\/stellaematutinae.org\/wp-content\/uploads\/2025\/04\/Zeynep.jpg"},{"@type":"BreadcrumbList","@id":"https:\/\/stellaematutinae.org\/15-april-tuesday\/#breadcrumb","itemListElement":[{"@type":"ListItem","position":1,"name":"Home","item":"https:\/\/stellaematutinae.org\/"},{"@type":"ListItem","position":2,"name":"15. April &#8211; Tuesday"}]},{"@type":"WebSite","@id":"https:\/\/stellaematutinae.org\/#website","url":"https:\/\/stellaematutinae.org\/","name":"Stellae Matutinae - European Harp Symposium","description":"Folge den Sternen - Follow the Stars","publisher":{"@id":"https:\/\/stellaematutinae.org\/#organization"},"alternateName":"European Harp Symposium 2025","potentialAction":[{"@type":"SearchAction","target":{"@type":"EntryPoint","urlTemplate":"https:\/\/stellaematutinae.org\/?s={search_term_string}"},"query-input":{"@type":"PropertyValueSpecification","valueRequired":true,"valueName":"search_term_string"}}],"inLanguage":"de"},{"@type":"Organization","@id":"https:\/\/stellaematutinae.org\/#organization","name":"Stellae Matutinae","url":"https:\/\/stellaematutinae.org\/","logo":{"@type":"ImageObject","inLanguage":"de","@id":"https:\/\/stellaematutinae.org\/#\/schema\/logo\/image\/","url":"http:\/\/stellaematutinae.org\/wp-content\/uploads\/2024\/09\/cropped-nur-Stern.png","contentUrl":"http:\/\/stellaematutinae.org\/wp-content\/uploads\/2024\/09\/cropped-nur-Stern.png","width":512,"height":512,"caption":"Stellae Matutinae"},"image":{"@id":"https:\/\/stellaematutinae.org\/#\/schema\/logo\/image\/"},"sameAs":["https:\/\/www.facebook.com\/stellaematutinae","https:\/\/www.youtube.com\/@stellae_matutinae","https:\/\/instagram.com\/stellaematutinae"]}]}},"uagb_featured_image_src":{"full":false,"thumbnail":false,"medium":false,"medium_large":false,"large":false,"1536x1536":false,"2048x2048":false,"trp-custom-language-flag":false,"tb-timeline-landscape":false,"tb-timeline-square":false},"uagb_author_info":{"display_name":"admin","author_link":"https:\/\/stellaematutinae.org\/de\/author\/admin\/"},"uagb_comment_info":0,"uagb_excerpt":null,"_links":{"self":[{"href":"https:\/\/stellaematutinae.org\/de\/wp-json\/wp\/v2\/pages\/3435","targetHints":{"allow":["GET"]}}],"collection":[{"href":"https:\/\/stellaematutinae.org\/de\/wp-json\/wp\/v2\/pages"}],"about":[{"href":"https:\/\/stellaematutinae.org\/de\/wp-json\/wp\/v2\/types\/page"}],"author":[{"embeddable":true,"href":"https:\/\/stellaematutinae.org\/de\/wp-json\/wp\/v2\/users\/1"}],"replies":[{"embeddable":true,"href":"https:\/\/stellaematutinae.org\/de\/wp-json\/wp\/v2\/comments?post=3435"}],"version-history":[{"count":1,"href":"https:\/\/stellaematutinae.org\/de\/wp-json\/wp\/v2\/pages\/3435\/revisions"}],"predecessor-version":[{"id":3437,"href":"https:\/\/stellaematutinae.org\/de\/wp-json\/wp\/v2\/pages\/3435\/revisions\/3437"}],"wp:attachment":[{"href":"https:\/\/stellaematutinae.org\/de\/wp-json\/wp\/v2\/media?parent=3435"}],"curies":[{"name":"wp","href":"https:\/\/api.w.org\/{rel}","templated":true}]}}