{"id":3426,"date":"2025-04-10T15:01:14","date_gmt":"2025-04-10T14:01:14","guid":{"rendered":"https:\/\/stellaematutinae.org\/?page_id=3426"},"modified":"2025-04-10T15:01:38","modified_gmt":"2025-04-10T14:01:38","slug":"12-april-saturday","status":"publish","type":"page","link":"https:\/\/stellaematutinae.org\/de\/12-april-saturday\/","title":{"rendered":"12. April &#8211; Saturday"},"content":{"rendered":"\n<p><\/p>\n\n\n\n<div class=\"wp-block-uagb-container uagb-block-bqr2vg5d alignfull uagb-is-root-container\"><div class=\"uagb-container-inner-blocks-wrap\">\n<div class=\"wp-block-uagb-info-box uagb-block-e8wnxoye uagb-infobox__content-wrap  uagb-infobox-icon-above-title uagb-infobox-image-valign-top\"><div class=\"uagb-ifb-content\"><div class=\"uagb-ifb-title-wrap\"><h1 class=\"uagb-ifb-title\">12. April &#8211; Saturday<\/h1><\/div><\/div><\/div>\n<\/div><\/div>\n\n\n\n<p><\/p>\n\n\n\n<div class=\"wp-block-uagb-container uagb-block-rjnftorg alignfull uagb-is-root-container\"><div class=\"uagb-container-inner-blocks-wrap\">\n<div class=\"wp-block-uagb-info-box uagb-block-bf8kik5p uagb-infobox__content-wrap  uagb-infobox-icon-above-title uagb-infobox-image-valign-top\"><div class=\"uagb-ifb-content\"><div class=\"uagb-ifb-title-wrap\"><h2 class=\"uagb-ifb-title\"><strong>\u201eStars of tomorrow I\u201d \u2013\u00a0<em>matin\u00e9e concert of young talents<\/em><\/strong><\/h2><\/div><p class=\"uagb-ifb-desc\"><strong>Henriette Urban<\/strong>\u00a0\u2013\u00a0<em>Works of the 18th Century on a historical Single Action Harp<\/em><br><strong>Deborah Haag<\/strong>\u00a0\u2013\u00a0<em>Contemporary and Experimental Music on the Harp<\/em><\/p><\/div><\/div>\n\n\n\n<div class=\"wp-block-uagb-container uagb-block-hzvq1o1p\">\n<div class=\"wp-block-uagb-container uagb-block-vsap864m\">\n<div class=\"wp-block-uagb-info-box uagb-block-8ghciox1 uagb-infobox__content-wrap  uagb-infobox-icon-above-title uagb-infobox-image-valign-top\"><div class=\"uagb-ifb-content\"><div class=\"uagb-ifb-title-wrap\"><\/div><p class=\"uagb-ifb-desc\">1. Philippe-Jacques Meyer (1737-1819) \u2013 Sonata in C Dur<br><br>I. Allegro\u00a0<br>II. Andante, Non troppo\u00a0<br>III. Allegro<br><br>From: \u201cEssai sur la vrai mani\u00e8re de jouer de la harpe avec une m\u00e9thode de l\u2019accorder, Paris 1772\u201d<br><br>2. Jean-Baptiste Krumpholtz (1747-1790)<br><br>Pr\u00e9lude en la mineur<br>Romance en la mineur<br><br>From: \u201cPrincipes pour la harpe, Paris 1800\u201d<br><br>3. Philippe-Jacques Meyer (1737-1819)\u00a0<br><br>Giga in A Moll<br>Adagio in E Moll\u00a0<br><br>From: \u201cEssai sur la vrai mani\u00e8re de jouer de la harpe avec une m\u00e9thode de l\u2019accorder, Paris 1772\u201d<br><br>4. Jean-Baptiste Krumpholtz (1747-1790)\u00a0<br><br>Allegretto in E Moll\u00a0<br><br>5. Christian Hochbr\u00fccker (1727-1805) \u2013 Sonata 6 in D Dur\u00a0<br><br>I. Allegro\u00a0<br>II. Menuetto\u00a0<br>III. Allegro<br><br>From: \u201cSix Sonates pour la harpe, Paris 1762\u201d<\/p><\/div><\/div>\n<\/div>\n\n\n\n<div class=\"wp-block-uagb-image alignleft uagb-block-nuzvwkq7 wp-block-uagb-image--layout-default wp-block-uagb-image--effect-static wp-block-uagb-image--align-left\"><figure class=\"wp-block-uagb-image__figure\"><img decoding=\"async\" srcset=\"https:\/\/stellaematutinae.org\/wp-content\/uploads\/2025\/04\/Urban.jpg ,https:\/\/stellaematutinae.org\/wp-content\/uploads\/2025\/04\/Urban.jpg 780w, https:\/\/stellaematutinae.org\/wp-content\/uploads\/2025\/04\/Urban.jpg 360w\" sizes=\"auto, (max-width: 480px) 150px\" src=\"https:\/\/stellaematutinae.org\/wp-content\/uploads\/2025\/04\/Urban.jpg\" alt=\"\" class=\"uag-image-3348\" width=\"564\" height=\"400\" title=\"Urban\" loading=\"lazy\" role=\"img\"\/><\/figure><\/div>\n<\/div>\n\n\n\n<div class=\"wp-block-uagb-container uagb-block-2c79fc26\">\n<div class=\"wp-block-uagb-container uagb-block-e837898d\">\n<div class=\"wp-block-uagb-info-box uagb-block-04774c9f uagb-infobox__content-wrap  uagb-infobox-icon-above-title uagb-infobox-image-valign-top\"><div class=\"uagb-ifb-content\"><div class=\"uagb-ifb-title-wrap\"><\/div><p class=\"uagb-ifb-desc\">1. Heinrich Hartl (*1953) \u2013 from: Drei Charakterst\u00fccke f\u00fcr Harfe (op. 24): I. Elegie, Langsam<br><br>2. Robert Delanoff (*1942) \u2013 Stromatolithen (1989) for Harp and Organ<br><br>3. Katia Mestrovic (*1989) \u2013 Araneae (2021)<\/p><\/div><\/div>\n<\/div>\n\n\n\n<div class=\"wp-block-uagb-image alignleft uagb-block-e8dd3ac5 wp-block-uagb-image--layout-default wp-block-uagb-image--effect-static wp-block-uagb-image--align-left\"><figure class=\"wp-block-uagb-image__figure\"><img decoding=\"async\" srcset=\"https:\/\/stellaematutinae.org\/wp-content\/uploads\/2025\/04\/Haag-683x1024.jpg ,https:\/\/stellaematutinae.org\/wp-content\/uploads\/2025\/04\/Haag-scaled.jpg 780w, https:\/\/stellaematutinae.org\/wp-content\/uploads\/2025\/04\/Haag-scaled.jpg 360w\" sizes=\"auto, (max-width: 480px) 150px\" src=\"https:\/\/stellaematutinae.org\/wp-content\/uploads\/2025\/04\/Haag-683x1024.jpg\" alt=\"\" class=\"uag-image-3340\" width=\"564\" height=\"400\" title=\"Haag\" loading=\"lazy\" role=\"img\"\/><\/figure><\/div>\n<\/div>\n<\/div><\/div>\n\n\n\n<div class=\"wp-block-uagb-container uagb-block-77d8d45d alignfull uagb-is-root-container\"><div class=\"uagb-container-inner-blocks-wrap\">\n<div class=\"wp-block-uagb-info-box uagb-block-167b8d4e uagb-infobox__content-wrap  uagb-infobox-icon-above-title uagb-infobox-image-valign-top\"><div class=\"uagb-ifb-content\"><div class=\"uagb-ifb-title-wrap\"><h2 class=\"uagb-ifb-title\"><strong><strong>Opening concert \u201c\u00c9rard Extravaganza\u201d\u00a0<\/strong><\/strong><\/h2><\/div><p class=\"uagb-ifb-desc\"><em>Eva Curth, Elisabeth Plank, Viktor Hartobanu and Giuliano Marco Mattioli play music related to their historical treasures<\/em><\/p><\/div><\/div>\n\n\n\n<div class=\"wp-block-uagb-container uagb-block-94d8c8a3\">\n<div class=\"wp-block-uagb-container uagb-block-28b072d3\">\n<div class=\"wp-block-uagb-info-box uagb-block-6858034d uagb-infobox__content-wrap  uagb-infobox-icon-above-title uagb-infobox-image-valign-top\"><div class=\"uagb-ifb-content\"><div class=\"uagb-ifb-title-wrap\"><\/div><p class=\"uagb-ifb-desc\">Charles Nicholas Bochsa (1789-1856) \u2013 Rondeau sur le trio \u00bbZitti Zitti\u00ab du Barbier de Seville\u00a0(1816)<br><br><em>&#8211; dedicated to Miss Ashe<\/em><br>\u00a0<br>Elias Parish Alvars (1808-1849) \u2013 Scenes of my Youth: Grande Fantaisie pour la harpe, Op.75 (1845) <em>III. My Lodging is on the Cold Ground<\/em><br><br><em>&#8211; d\u00e9di\u00e9e \u00e0 MELANIE son \u00c9pouse<\/em><br><br><br><em>Elisabeth Plank &#8211; \u00c9rard London Empire with caryatids [Grecian] style harp no. 3804 (1825). First owner Miss [Tours] in 23, [St.] Charles Square, London.<\/em><br><em>\u00a0<\/em><br>Rosa Spier (1891-1967) &#8211; Impressionen \u00fcber Saul und David<br>\u00a0<br>Johannes Snoer (1868-1936) &#8211; Paraphrase aus Rheingold von Richard Wagner<br>\u00a0<br><em>Eva Curth &#8211; \u00c9rard Paris style Louis XVI no. 2344 (1893), dual-numbered London 6610. First owner Mr Motion of Faulkbourne Hall, previously owned by Ann Griffiths<\/em><br>\u00a0<br><em>Eva Curth &amp; Giuliano Marco Mattioli<\/em><br>Franz Poenitz (1850-1912) \u2013 Spukhafte Gavotte, Op.75, zu einem Gedicht von Heinrich Heine (publ. 1907)<br>\u00a0<br>Gabriel Faur\u00e9 \u2013 from \u201cDolly suite, Op. 56\u201d (1896) \u2013 Berceuse, arr. Bernard Andr\u00e8s<br>\u00a0<br>\u00a0<br>Gabriel Faur\u00e9 (1845-1924) \u2013 Une Ch\u00e2telaine en sa tour&#8230; (1918), Op.110, from Verlaine\u2019s \u201cLa bonne chanson\u201d.<br><em>&#8211; \u00c0 Micheline Kahn<\/em><br>Albert Roussel (1869-1937) \u2013 Impromptu, Op.21 (1919)<br>&#8211; <em>\u00c0 Lily Laskine<\/em><br>Marcel Grandjany (1891-1975) \u2013 \u00d4 bien-aim\u00e9e (1955), from Verlaine\u2019s \u201cLa bonne chanson\u201d.<br>&#8211; <em>\u00c0 Jane Weidensaul et Thomas Palmer<\/em><br><em>Giuliano Marco Mattioli &#8211; \u00c9rard Paris style Louis XVI harp no. 3408 (1908). Sold to Mr. Massion in Paris, previously owned by Jean-Michel Damase<\/em><br>\u00a0<br>Alfredo Casella (1883-1947) \u2013 Sonata per Arpa, Op.68 (1943)<br>I. Allegro Vivace<br><em>&#8211; Per Clelia Gatti Aldrovandi<\/em><br>Johannes Brahms (1833-1897) \u2013 Intermezzo, Op.118 Nr.2<br>\u00a0<br>F\u00e9lix Godefroid (1818-1897) \u2013 La danse des Sylphes, Op.31<br><em>Viktor Hartobanu \u2013 \u00c9rard Paris style gothique harp no. 4409 (1925), bought and previously owned by Clelia Gatti Aldrovandi<\/em><br>\u00a0<br><em>Eva Curth, Viktor Hartobanu, Elisabeth Plank &amp; Giuliano Marco Mattioli<\/em><br>Alfred Rawlings (1860-1924) \u2013 Carillons blancs et carillons noirs, Op.53<br>III. Air de Carillon<\/p><\/div><\/div>\n<\/div>\n\n\n\n<div class=\"wp-block-uagb-image alignleft uagb-block-225d1455 wp-block-uagb-image--layout-default wp-block-uagb-image--effect-static wp-block-uagb-image--align-left\"><figure class=\"wp-block-uagb-image__figure\"><img decoding=\"async\" srcset=\"https:\/\/stellaematutinae.org\/wp-content\/uploads\/2024\/10\/Erard-Extra-767x1024.png ,https:\/\/stellaematutinae.org\/wp-content\/uploads\/2024\/10\/Erard-Extra.png 780w, https:\/\/stellaematutinae.org\/wp-content\/uploads\/2024\/10\/Erard-Extra.png 360w\" sizes=\"auto, (max-width: 480px) 150px\" src=\"https:\/\/stellaematutinae.org\/wp-content\/uploads\/2024\/10\/Erard-Extra-767x1024.png\" alt=\"\" class=\"uag-image-2716\" width=\"564\" height=\"400\" title=\"Erard Extra\" loading=\"lazy\" role=\"img\"\/><\/figure><\/div>\n<\/div>\n<\/div><\/div>\n","protected":false},"excerpt":{"rendered":"","protected":false},"author":1,"featured_media":0,"parent":0,"menu_order":0,"comment_status":"closed","ping_status":"closed","template":"","meta":{"_surecart_dashboard_logo_width":"180px","_surecart_dashboard_show_logo":true,"_surecart_dashboard_navigation_orders":true,"_surecart_dashboard_navigation_invoices":true,"_surecart_dashboard_navigation_subscriptions":true,"_surecart_dashboard_navigation_downloads":true,"_surecart_dashboard_navigation_billing":true,"_surecart_dashboard_navigation_account":true,"_uag_custom_page_level_css":"","site-sidebar-layout":"default","site-content-layout":"","ast-site-content-layout":"default","site-content-style":"default","site-sidebar-style":"default","ast-global-header-display":"","ast-banner-title-visibility":"","ast-main-header-display":"","ast-hfb-above-header-display":"","ast-hfb-below-header-display":"","ast-hfb-mobile-header-display":"","site-post-title":"","ast-breadcrumbs-content":"","ast-featured-img":"","footer-sml-layout":"","ast-disable-related-posts":"","theme-transparent-header-meta":"","adv-header-id-meta":"","stick-header-meta":"","header-above-stick-meta":"","header-main-stick-meta":"","header-below-stick-meta":"","astra-migrate-meta-layouts":"set","ast-page-background-enabled":"default","ast-page-background-meta":{"desktop":{"background-color":"var(--ast-global-color-4)","background-image":"","background-repeat":"repeat","background-position":"center center","background-size":"auto","background-attachment":"scroll","background-type":"","background-media":"","overlay-type":"","overlay-color":"","overlay-opacity":"","overlay-gradient":""},"tablet":{"background-color":"","background-image":"","background-repeat":"repeat","background-position":"center center","background-size":"auto","background-attachment":"scroll","background-type":"","background-media":"","overlay-type":"","overlay-color":"","overlay-opacity":"","overlay-gradient":""},"mobile":{"background-color":"","background-image":"","background-repeat":"repeat","background-position":"center center","background-size":"auto","background-attachment":"scroll","background-type":"","background-media":"","overlay-type":"","overlay-color":"","overlay-opacity":"","overlay-gradient":""}},"ast-content-background-meta":{"desktop":{"background-color":"var(--ast-global-color-5)","background-image":"","background-repeat":"repeat","background-position":"center center","background-size":"auto","background-attachment":"scroll","background-type":"","background-media":"","overlay-type":"","overlay-color":"","overlay-opacity":"","overlay-gradient":""},"tablet":{"background-color":"var(--ast-global-color-5)","background-image":"","background-repeat":"repeat","background-position":"center center","background-size":"auto","background-attachment":"scroll","background-type":"","background-media":"","overlay-type":"","overlay-color":"","overlay-opacity":"","overlay-gradient":""},"mobile":{"background-color":"var(--ast-global-color-5)","background-image":"","background-repeat":"repeat","background-position":"center center","background-size":"auto","background-attachment":"scroll","background-type":"","background-media":"","overlay-type":"","overlay-color":"","overlay-opacity":"","overlay-gradient":""}},"footnotes":""},"class_list":["post-3426","page","type-page","status-publish","hentry"],"featured_image_src":null,"yoast_head":"<!-- This site is optimized with the Yoast SEO plugin v27.4 - https:\/\/yoast.com\/product\/yoast-seo-wordpress\/ -->\n<title>12. April - Saturday - Stellae Matutinae - European Harp Symposium<\/title>\n<meta name=\"robots\" content=\"index, follow, max-snippet:-1, max-image-preview:large, max-video-preview:-1\" \/>\n<link rel=\"canonical\" href=\"https:\/\/stellaematutinae.org\/de\/12-april-saturday\/\" \/>\n<meta property=\"og:locale\" content=\"de_DE\" \/>\n<meta property=\"og:type\" content=\"article\" \/>\n<meta property=\"og:title\" content=\"12. April - Saturday - Stellae Matutinae - European Harp Symposium\" \/>\n<meta property=\"og:url\" content=\"https:\/\/stellaematutinae.org\/de\/12-april-saturday\/\" \/>\n<meta property=\"og:site_name\" content=\"Stellae Matutinae - European Harp Symposium\" \/>\n<meta property=\"article:publisher\" content=\"https:\/\/www.facebook.com\/stellaematutinae\" \/>\n<meta property=\"article:modified_time\" content=\"2025-04-10T14:01:38+00:00\" \/>\n<meta property=\"og:image\" content=\"https:\/\/stellaematutinae.org\/wp-content\/uploads\/2025\/04\/Urban.jpg\" \/>\n<meta name=\"twitter:card\" content=\"summary_large_image\" \/>\n<meta name=\"twitter:label1\" content=\"Gesch\u00e4tzte Lesezeit\" \/>\n\t<meta name=\"twitter:data1\" content=\"3\u00a0Minuten\" \/>\n<script type=\"application\/ld+json\" class=\"yoast-schema-graph\">{\"@context\":\"https:\\\/\\\/schema.org\",\"@graph\":[{\"@type\":\"WebPage\",\"@id\":\"https:\\\/\\\/stellaematutinae.org\\\/12-april-saturday\\\/\",\"url\":\"https:\\\/\\\/stellaematutinae.org\\\/12-april-saturday\\\/\",\"name\":\"12. April - Saturday - Stellae Matutinae - European Harp Symposium\",\"isPartOf\":{\"@id\":\"https:\\\/\\\/stellaematutinae.org\\\/#website\"},\"primaryImageOfPage\":{\"@id\":\"https:\\\/\\\/stellaematutinae.org\\\/12-april-saturday\\\/#primaryimage\"},\"image\":{\"@id\":\"https:\\\/\\\/stellaematutinae.org\\\/12-april-saturday\\\/#primaryimage\"},\"thumbnailUrl\":\"https:\\\/\\\/stellaematutinae.org\\\/wp-content\\\/uploads\\\/2025\\\/04\\\/Urban.jpg\",\"datePublished\":\"2025-04-10T14:01:14+00:00\",\"dateModified\":\"2025-04-10T14:01:38+00:00\",\"breadcrumb\":{\"@id\":\"https:\\\/\\\/stellaematutinae.org\\\/12-april-saturday\\\/#breadcrumb\"},\"inLanguage\":\"de\",\"potentialAction\":[{\"@type\":\"ReadAction\",\"target\":[\"https:\\\/\\\/stellaematutinae.org\\\/12-april-saturday\\\/\"]}]},{\"@type\":\"ImageObject\",\"inLanguage\":\"de\",\"@id\":\"https:\\\/\\\/stellaematutinae.org\\\/12-april-saturday\\\/#primaryimage\",\"url\":\"https:\\\/\\\/stellaematutinae.org\\\/wp-content\\\/uploads\\\/2025\\\/04\\\/Urban.jpg\",\"contentUrl\":\"https:\\\/\\\/stellaematutinae.org\\\/wp-content\\\/uploads\\\/2025\\\/04\\\/Urban.jpg\"},{\"@type\":\"BreadcrumbList\",\"@id\":\"https:\\\/\\\/stellaematutinae.org\\\/12-april-saturday\\\/#breadcrumb\",\"itemListElement\":[{\"@type\":\"ListItem\",\"position\":1,\"name\":\"Home\",\"item\":\"https:\\\/\\\/stellaematutinae.org\\\/\"},{\"@type\":\"ListItem\",\"position\":2,\"name\":\"12. April &#8211; Saturday\"}]},{\"@type\":\"WebSite\",\"@id\":\"https:\\\/\\\/stellaematutinae.org\\\/#website\",\"url\":\"https:\\\/\\\/stellaematutinae.org\\\/\",\"name\":\"Stellae Matutinae - European Harp Symposium\",\"description\":\"Folge den Sternen - Follow the Stars\",\"publisher\":{\"@id\":\"https:\\\/\\\/stellaematutinae.org\\\/#organization\"},\"alternateName\":\"European Harp Symposium 2025\",\"potentialAction\":[{\"@type\":\"SearchAction\",\"target\":{\"@type\":\"EntryPoint\",\"urlTemplate\":\"https:\\\/\\\/stellaematutinae.org\\\/?s={search_term_string}\"},\"query-input\":{\"@type\":\"PropertyValueSpecification\",\"valueRequired\":true,\"valueName\":\"search_term_string\"}}],\"inLanguage\":\"de\"},{\"@type\":\"Organization\",\"@id\":\"https:\\\/\\\/stellaematutinae.org\\\/#organization\",\"name\":\"Stellae Matutinae\",\"url\":\"https:\\\/\\\/stellaematutinae.org\\\/\",\"logo\":{\"@type\":\"ImageObject\",\"inLanguage\":\"de\",\"@id\":\"https:\\\/\\\/stellaematutinae.org\\\/#\\\/schema\\\/logo\\\/image\\\/\",\"url\":\"http:\\\/\\\/stellaematutinae.org\\\/wp-content\\\/uploads\\\/2024\\\/09\\\/cropped-nur-Stern.png\",\"contentUrl\":\"http:\\\/\\\/stellaematutinae.org\\\/wp-content\\\/uploads\\\/2024\\\/09\\\/cropped-nur-Stern.png\",\"width\":512,\"height\":512,\"caption\":\"Stellae Matutinae\"},\"image\":{\"@id\":\"https:\\\/\\\/stellaematutinae.org\\\/#\\\/schema\\\/logo\\\/image\\\/\"},\"sameAs\":[\"https:\\\/\\\/www.facebook.com\\\/stellaematutinae\",\"https:\\\/\\\/www.youtube.com\\\/@stellae_matutinae\",\"https:\\\/\\\/instagram.com\\\/stellaematutinae\"]}]}<\/script>\n<!-- \/ Yoast SEO plugin. -->","yoast_head_json":{"title":"12. April - Saturday - Stellae Matutinae - European Harp Symposium","robots":{"index":"index","follow":"follow","max-snippet":"max-snippet:-1","max-image-preview":"max-image-preview:large","max-video-preview":"max-video-preview:-1"},"canonical":"https:\/\/stellaematutinae.org\/de\/12-april-saturday\/","og_locale":"de_DE","og_type":"article","og_title":"12. April - Saturday - Stellae Matutinae - European Harp Symposium","og_url":"https:\/\/stellaematutinae.org\/de\/12-april-saturday\/","og_site_name":"Stellae Matutinae - European Harp Symposium","article_publisher":"https:\/\/www.facebook.com\/stellaematutinae","article_modified_time":"2025-04-10T14:01:38+00:00","og_image":[{"url":"https:\/\/stellaematutinae.org\/wp-content\/uploads\/2025\/04\/Urban.jpg","type":"","width":"","height":""}],"twitter_card":"summary_large_image","twitter_misc":{"Gesch\u00e4tzte Lesezeit":"3\u00a0Minuten"},"schema":{"@context":"https:\/\/schema.org","@graph":[{"@type":"WebPage","@id":"https:\/\/stellaematutinae.org\/12-april-saturday\/","url":"https:\/\/stellaematutinae.org\/12-april-saturday\/","name":"12. April - Saturday - Stellae Matutinae - European Harp Symposium","isPartOf":{"@id":"https:\/\/stellaematutinae.org\/#website"},"primaryImageOfPage":{"@id":"https:\/\/stellaematutinae.org\/12-april-saturday\/#primaryimage"},"image":{"@id":"https:\/\/stellaematutinae.org\/12-april-saturday\/#primaryimage"},"thumbnailUrl":"https:\/\/stellaematutinae.org\/wp-content\/uploads\/2025\/04\/Urban.jpg","datePublished":"2025-04-10T14:01:14+00:00","dateModified":"2025-04-10T14:01:38+00:00","breadcrumb":{"@id":"https:\/\/stellaematutinae.org\/12-april-saturday\/#breadcrumb"},"inLanguage":"de","potentialAction":[{"@type":"ReadAction","target":["https:\/\/stellaematutinae.org\/12-april-saturday\/"]}]},{"@type":"ImageObject","inLanguage":"de","@id":"https:\/\/stellaematutinae.org\/12-april-saturday\/#primaryimage","url":"https:\/\/stellaematutinae.org\/wp-content\/uploads\/2025\/04\/Urban.jpg","contentUrl":"https:\/\/stellaematutinae.org\/wp-content\/uploads\/2025\/04\/Urban.jpg"},{"@type":"BreadcrumbList","@id":"https:\/\/stellaematutinae.org\/12-april-saturday\/#breadcrumb","itemListElement":[{"@type":"ListItem","position":1,"name":"Home","item":"https:\/\/stellaematutinae.org\/"},{"@type":"ListItem","position":2,"name":"12. April &#8211; Saturday"}]},{"@type":"WebSite","@id":"https:\/\/stellaematutinae.org\/#website","url":"https:\/\/stellaematutinae.org\/","name":"Stellae Matutinae - European Harp Symposium","description":"Folge den Sternen - Follow the Stars","publisher":{"@id":"https:\/\/stellaematutinae.org\/#organization"},"alternateName":"European Harp Symposium 2025","potentialAction":[{"@type":"SearchAction","target":{"@type":"EntryPoint","urlTemplate":"https:\/\/stellaematutinae.org\/?s={search_term_string}"},"query-input":{"@type":"PropertyValueSpecification","valueRequired":true,"valueName":"search_term_string"}}],"inLanguage":"de"},{"@type":"Organization","@id":"https:\/\/stellaematutinae.org\/#organization","name":"Stellae Matutinae","url":"https:\/\/stellaematutinae.org\/","logo":{"@type":"ImageObject","inLanguage":"de","@id":"https:\/\/stellaematutinae.org\/#\/schema\/logo\/image\/","url":"http:\/\/stellaematutinae.org\/wp-content\/uploads\/2024\/09\/cropped-nur-Stern.png","contentUrl":"http:\/\/stellaematutinae.org\/wp-content\/uploads\/2024\/09\/cropped-nur-Stern.png","width":512,"height":512,"caption":"Stellae Matutinae"},"image":{"@id":"https:\/\/stellaematutinae.org\/#\/schema\/logo\/image\/"},"sameAs":["https:\/\/www.facebook.com\/stellaematutinae","https:\/\/www.youtube.com\/@stellae_matutinae","https:\/\/instagram.com\/stellaematutinae"]}]}},"uagb_featured_image_src":{"full":false,"thumbnail":false,"medium":false,"medium_large":false,"large":false,"1536x1536":false,"2048x2048":false,"trp-custom-language-flag":false,"tb-timeline-landscape":false,"tb-timeline-square":false},"uagb_author_info":{"display_name":"admin","author_link":"https:\/\/stellaematutinae.org\/de\/author\/admin\/"},"uagb_comment_info":0,"uagb_excerpt":null,"_links":{"self":[{"href":"https:\/\/stellaematutinae.org\/de\/wp-json\/wp\/v2\/pages\/3426","targetHints":{"allow":["GET"]}}],"collection":[{"href":"https:\/\/stellaematutinae.org\/de\/wp-json\/wp\/v2\/pages"}],"about":[{"href":"https:\/\/stellaematutinae.org\/de\/wp-json\/wp\/v2\/types\/page"}],"author":[{"embeddable":true,"href":"https:\/\/stellaematutinae.org\/de\/wp-json\/wp\/v2\/users\/1"}],"replies":[{"embeddable":true,"href":"https:\/\/stellaematutinae.org\/de\/wp-json\/wp\/v2\/comments?post=3426"}],"version-history":[{"count":1,"href":"https:\/\/stellaematutinae.org\/de\/wp-json\/wp\/v2\/pages\/3426\/revisions"}],"predecessor-version":[{"id":3427,"href":"https:\/\/stellaematutinae.org\/de\/wp-json\/wp\/v2\/pages\/3426\/revisions\/3427"}],"wp:attachment":[{"href":"https:\/\/stellaematutinae.org\/de\/wp-json\/wp\/v2\/media?parent=3426"}],"curies":[{"name":"wp","href":"https:\/\/api.w.org\/{rel}","templated":true}]}}