{"id":2614,"date":"2024-10-12T06:40:29","date_gmt":"2024-10-12T06:40:29","guid":{"rendered":"https:\/\/stellaematutinae.org\/?page_id=2614"},"modified":"2025-01-07T20:53:32","modified_gmt":"2025-01-07T20:53:32","slug":"faq","status":"publish","type":"page","link":"https:\/\/stellaematutinae.org\/de\/faq\/","title":{"rendered":"FAQ"},"content":{"rendered":"<div class=\"wp-block-uagb-container uagb-block-6t64jb8h alignfull uagb-is-root-container\"><div class=\"uagb-container-inner-blocks-wrap\">\n<div class=\"wp-block-uagb-advanced-heading uagb-block-uyicb1yj\"><h2 class=\"uagb-heading-text\">FAQs \u2013 h\u00e4ufig gestellte Fragen<\/h2><\/div>\n\n\n<div class=\"wp-block-uagb-faq uagb-faq__outer-wrap uagb-block-gpm1sjby uagb-faq-icon-row-reverse uagb-faq-layout-accordion uagb-faq-expand-first-true uagb-faq-inactive-other-true uagb-faq__wrap uagb-buttons-layout-wrap uagb-faq-equal-height\" data-faqtoggle=\"true\" role=\"tablist\"><div class=\"wp-block-uagb-faq-child uagb-faq-child__outer-wrap uagb-faq-item uagb-block-yrjlhfuh\" role=\"tab\" tabindex=\"0\"><div class=\"uagb-faq-questions-button uagb-faq-questions\">\t\t\t<span class=\"uagb-icon uagb-faq-icon-wrap\">\n\t\t\t\t\t\t\t\t<svg xmlns=\"https:\/\/www.w3.org\/2000\/svg\" viewbox= \"0 0 448 512\"><path d=\"M224 416c-8.188 0-16.38-3.125-22.62-9.375l-192-192c-12.5-12.5-12.5-32.75 0-45.25s32.75-12.5 45.25 0L224 338.8l169.4-169.4c12.5-12.5 32.75-12.5 45.25 0s12.5 32.75 0 45.25l-192 192C240.4 412.9 232.2 416 224 416z\"><\/path><\/svg>\n\t\t\t\t\t\t\t<\/span>\n\t\t\t\t\t\t<span class=\"uagb-icon-active uagb-faq-icon-wrap\">\n\t\t\t\t\t\t\t\t<svg xmlns=\"https:\/\/www.w3.org\/2000\/svg\" viewbox= \"0 0 448 512\"><path d=\"M416 352c-8.188 0-16.38-3.125-22.62-9.375L224 173.3l-169.4 169.4c-12.5 12.5-32.75 12.5-45.25 0s-12.5-32.75 0-45.25l192-192c12.5-12.5 32.75-12.5 45.25 0l192 192c12.5 12.5 12.5 32.75 0 45.25C432.4 348.9 424.2 352 416 352z\"><\/path><\/svg>\n\t\t\t\t\t\t\t<\/span>\n\t\t\t<p class=\"uagb-question\">Wo findet das Symposium statt?\u00a0<\/p><\/div><div class=\"uagb-faq-content\"><p>Die Veranstaltungen und Ausstellungen finden im Hauptgeb\u00e4ude der Stella Vorarlberg Privathochschule f\u00fcr Musik und dem Pf\u00f6rtnerhaus statt. Zus\u00e4tzlich finden Veranstaltungen im Alten Hallenbad gegen\u00fcber der Hochschule statt.<\/p><\/div><\/div><div class=\"wp-block-uagb-faq-child uagb-faq-child__outer-wrap uagb-faq-item uagb-block-uvrx8oy7\" role=\"tab\" tabindex=\"0\"><div class=\"uagb-faq-questions-button uagb-faq-questions\">\t\t\t<span class=\"uagb-icon uagb-faq-icon-wrap\">\n\t\t\t\t\t\t\t\t<svg xmlns=\"https:\/\/www.w3.org\/2000\/svg\" viewbox= \"0 0 448 512\"><path d=\"M224 416c-8.188 0-16.38-3.125-22.62-9.375l-192-192c-12.5-12.5-12.5-32.75 0-45.25s32.75-12.5 45.25 0L224 338.8l169.4-169.4c12.5-12.5 32.75-12.5 45.25 0s12.5 32.75 0 45.25l-192 192C240.4 412.9 232.2 416 224 416z\"><\/path><\/svg>\n\t\t\t\t\t\t\t<\/span>\n\t\t\t\t\t\t<span class=\"uagb-icon-active uagb-faq-icon-wrap\">\n\t\t\t\t\t\t\t\t<svg xmlns=\"https:\/\/www.w3.org\/2000\/svg\" viewbox= \"0 0 448 512\"><path d=\"M416 352c-8.188 0-16.38-3.125-22.62-9.375L224 173.3l-169.4 169.4c-12.5 12.5-32.75 12.5-45.25 0s-12.5-32.75 0-45.25l192-192c12.5-12.5 32.75-12.5 45.25 0l192 192c12.5 12.5 12.5 32.75 0 45.25C432.4 348.9 424.2 352 416 352z\"><\/path><\/svg>\n\t\t\t\t\t\t\t<\/span>\n\t\t\t<p class=\"uagb-question\">In welcher Sprache finden die Veranstaltungen statt?\u00a0<\/p><\/div><div class=\"uagb-faq-content\"><p>Die Workshops und Seminare finden auf Englisch statt. Es wird aber schriftliche Zusammenfassungen auf Deutsch geben.\u00a0\u00a0<\/p><\/div><\/div><div class=\"wp-block-uagb-faq-child uagb-faq-child__outer-wrap uagb-faq-item uagb-block-jwmbcrat\" role=\"tab\" tabindex=\"0\"><div class=\"uagb-faq-questions-button uagb-faq-questions\">\t\t\t<span class=\"uagb-icon uagb-faq-icon-wrap\">\n\t\t\t\t\t\t\t\t<svg xmlns=\"https:\/\/www.w3.org\/2000\/svg\" viewbox= \"0 0 448 512\"><path d=\"M224 416c-8.188 0-16.38-3.125-22.62-9.375l-192-192c-12.5-12.5-12.5-32.75 0-45.25s32.75-12.5 45.25 0L224 338.8l169.4-169.4c12.5-12.5 32.75-12.5 45.25 0s12.5 32.75 0 45.25l-192 192C240.4 412.9 232.2 416 224 416z\"><\/path><\/svg>\n\t\t\t\t\t\t\t<\/span>\n\t\t\t\t\t\t<span class=\"uagb-icon-active uagb-faq-icon-wrap\">\n\t\t\t\t\t\t\t\t<svg xmlns=\"https:\/\/www.w3.org\/2000\/svg\" viewbox= \"0 0 448 512\"><path d=\"M416 352c-8.188 0-16.38-3.125-22.62-9.375L224 173.3l-169.4 169.4c-12.5 12.5-32.75 12.5-45.25 0s-12.5-32.75 0-45.25l192-192c12.5-12.5 32.75-12.5 45.25 0l192 192c12.5 12.5 12.5 32.75 0 45.25C432.4 348.9 424.2 352 416 352z\"><\/path><\/svg>\n\t\t\t\t\t\t\t<\/span>\n\t\t\t<p class=\"uagb-question\">F\u00fcr wen ist das Symposium gedacht?\u00a0<\/p><\/div><div class=\"uagb-faq-content\"><p>F\u00fcr alle, die sich f\u00fcr die Harfe interessieren! Die Konzerte sind stilistisch breit gef\u00e4chert und bieten f\u00fcr jeden Geschmack etwas. Meisterkurse, Workshops und Seminare vermitteln Wissen und Fertigkeiten insbesondere an Studierende und Lehrende. In den Ausstellungsr\u00e4umen k\u00f6nnen Harfen ausprobiert und verglichen werden. Bei der Mittagspause kann man sich in Ruhe austauschen und Kontakte kn\u00fcpfen. Und wer eine Pause von so vielen Harfen braucht, ist in wenigen Minuten in der Innenstadt.\u00a0<\/p><\/div><\/div><div class=\"wp-block-uagb-faq-child uagb-faq-child__outer-wrap uagb-faq-item uagb-block-wgqcztd8\" role=\"tab\" tabindex=\"0\"><div class=\"uagb-faq-questions-button uagb-faq-questions\">\t\t\t<span class=\"uagb-icon uagb-faq-icon-wrap\">\n\t\t\t\t\t\t\t\t<svg xmlns=\"https:\/\/www.w3.org\/2000\/svg\" viewbox= \"0 0 448 512\"><path d=\"M224 416c-8.188 0-16.38-3.125-22.62-9.375l-192-192c-12.5-12.5-12.5-32.75 0-45.25s32.75-12.5 45.25 0L224 338.8l169.4-169.4c12.5-12.5 32.75-12.5 45.25 0s12.5 32.75 0 45.25l-192 192C240.4 412.9 232.2 416 224 416z\"><\/path><\/svg>\n\t\t\t\t\t\t\t<\/span>\n\t\t\t\t\t\t<span class=\"uagb-icon-active uagb-faq-icon-wrap\">\n\t\t\t\t\t\t\t\t<svg xmlns=\"https:\/\/www.w3.org\/2000\/svg\" viewbox= \"0 0 448 512\"><path d=\"M416 352c-8.188 0-16.38-3.125-22.62-9.375L224 173.3l-169.4 169.4c-12.5 12.5-32.75 12.5-45.25 0s-12.5-32.75 0-45.25l192-192c12.5-12.5 32.75-12.5 45.25 0l192 192c12.5 12.5 12.5 32.75 0 45.25C432.4 348.9 424.2 352 416 352z\"><\/path><\/svg>\n\t\t\t\t\t\t\t<\/span>\n\t\t\t<p class=\"uagb-question\">Ab wann kann man Tickets kaufen?\u00a0<\/p><\/div><div class=\"uagb-faq-content\"><p>Ende November ist der Start f\u00fcr den Vorverkauf geplant. Es werden Gruppen- und Einzeltickets f\u00fcr die gesamte Dauer des Symposiums angeboten. Bis zum 31. Dezember 2024 gilt ein Fr\u00fchbucher-Rabatt. Dar\u00fcber hinaus gibt es ein Konzert-Abonnement sowie Konzert-Tickets nach Verf\u00fcgbarkeit am Tag des Konzerts.<\/p><\/div><\/div><div class=\"wp-block-uagb-faq-child uagb-faq-child__outer-wrap uagb-faq-item uagb-block-zppdvydp\" role=\"tab\" tabindex=\"0\"><div class=\"uagb-faq-questions-button uagb-faq-questions\">\t\t\t<span class=\"uagb-icon uagb-faq-icon-wrap\">\n\t\t\t\t\t\t\t\t<svg xmlns=\"https:\/\/www.w3.org\/2000\/svg\" viewbox= \"0 0 448 512\"><path d=\"M224 416c-8.188 0-16.38-3.125-22.62-9.375l-192-192c-12.5-12.5-12.5-32.75 0-45.25s32.75-12.5 45.25 0L224 338.8l169.4-169.4c12.5-12.5 32.75-12.5 45.25 0s12.5 32.75 0 45.25l-192 192C240.4 412.9 232.2 416 224 416z\"><\/path><\/svg>\n\t\t\t\t\t\t\t<\/span>\n\t\t\t\t\t\t<span class=\"uagb-icon-active uagb-faq-icon-wrap\">\n\t\t\t\t\t\t\t\t<svg xmlns=\"https:\/\/www.w3.org\/2000\/svg\" viewbox= \"0 0 448 512\"><path d=\"M416 352c-8.188 0-16.38-3.125-22.62-9.375L224 173.3l-169.4 169.4c-12.5 12.5-32.75 12.5-45.25 0s-12.5-32.75 0-45.25l192-192c12.5-12.5 32.75-12.5 45.25 0l192 192c12.5 12.5 12.5 32.75 0 45.25C432.4 348.9 424.2 352 416 352z\"><\/path><\/svg>\n\t\t\t\t\t\t\t<\/span>\n\t\t\t<p class=\"uagb-question\">Wie steht es um \u00dcbernachtungen und Verpflegung?\u00a0<\/p><\/div><div class=\"uagb-faq-content\"><p>Das Symposium organisiert KEINE \u00dcbernachtungen. In der Stella Privathochschule f\u00fcr Musik hat das Bistro mittags ge\u00f6ffnet. Zudem sind zahlreiche Restaurants in wenigen Minuten zu Fu\u00df erreichbar. Eine \u00dcbersicht \u00fcber die verf\u00fcgbaren Zimmer erhalten Sie hier:<br><br><strong><a href=\"https:\/\/www.booking.com\/searchresults.html?aid=922090&amp;label=harfensymposium2025&amp;city=-1976917&amp;checkin_monthday=12&amp;checkin_year_month=2025-04&amp;checkout_monthday=18&amp;checkout_year_month=2025-04&amp;do_availability_check=2\">HIER KLICKEN<br><\/a><\/strong><\/p><\/div><\/div><div class=\"wp-block-uagb-faq-child uagb-faq-child__outer-wrap uagb-faq-item uagb-block-c694ef92\" role=\"tab\" tabindex=\"0\"><div class=\"uagb-faq-questions-button uagb-faq-questions\">\t\t\t<span class=\"uagb-icon uagb-faq-icon-wrap\">\n\t\t\t\t\t\t\t\t<svg xmlns=\"https:\/\/www.w3.org\/2000\/svg\" viewbox= \"0 0 448 512\"><path d=\"M224 416c-8.188 0-16.38-3.125-22.62-9.375l-192-192c-12.5-12.5-12.5-32.75 0-45.25s32.75-12.5 45.25 0L224 338.8l169.4-169.4c12.5-12.5 32.75-12.5 45.25 0s12.5 32.75 0 45.25l-192 192C240.4 412.9 232.2 416 224 416z\"><\/path><\/svg>\n\t\t\t\t\t\t\t<\/span>\n\t\t\t\t\t\t<span class=\"uagb-icon-active uagb-faq-icon-wrap\">\n\t\t\t\t\t\t\t\t<svg xmlns=\"https:\/\/www.w3.org\/2000\/svg\" viewbox= \"0 0 448 512\"><path d=\"M400 288h-352c-17.69 0-32-14.32-32-32.01s14.31-31.99 32-31.99h352c17.69 0 32 14.3 32 31.99S417.7 288 400 288z\"><\/path><\/svg>\n\t\t\t\t\t\t\t<\/span>\n\t\t\t<p class=\"uagb-question\">Wie kann man an den Masterclasses teilnehmen?<\/p><\/div><div class=\"uagb-faq-content\"><p>Neben den Konzerten z\u00e4hlen die Meisterkurse zu den Hauptveranstaltungen des Symposiums. Um von einem unserer Stars unterrichtet zu werden, muss man dich daf\u00fcr bewerben und eine Vorauswahl bestehen. Die Meisterkurse sind \u00f6ffentlich und k\u00f6nnen von allen Inhabern eines Einzel- oder Gruppentickets besucht werden.<br><a href=\"\/de\/opencall\/\">Weiter zur Bewerbung<\/a><\/p><\/div><\/div><div class=\"wp-block-uagb-faq-child uagb-faq-child__outer-wrap uagb-faq-item uagb-block-7e79f766\" role=\"tab\" tabindex=\"0\"><div class=\"uagb-faq-questions-button uagb-faq-questions\">\t\t\t<span class=\"uagb-icon uagb-faq-icon-wrap\">\n\t\t\t\t\t\t\t\t<svg xmlns=\"https:\/\/www.w3.org\/2000\/svg\" viewbox= \"0 0 448 512\"><path d=\"M224 416c-8.188 0-16.38-3.125-22.62-9.375l-192-192c-12.5-12.5-12.5-32.75 0-45.25s32.75-12.5 45.25 0L224 338.8l169.4-169.4c12.5-12.5 32.75-12.5 45.25 0s12.5 32.75 0 45.25l-192 192C240.4 412.9 232.2 416 224 416z\"><\/path><\/svg>\n\t\t\t\t\t\t\t<\/span>\n\t\t\t\t\t\t<span class=\"uagb-icon-active uagb-faq-icon-wrap\">\n\t\t\t\t\t\t\t\t<svg xmlns=\"https:\/\/www.w3.org\/2000\/svg\" viewbox= \"0 0 448 512\"><path d=\"M400 288h-352c-17.69 0-32-14.32-32-32.01s14.31-31.99 32-31.99h352c17.69 0 32 14.3 32 31.99S417.7 288 400 288z\"><\/path><\/svg>\n\t\t\t\t\t\t\t<\/span>\n\t\t\t<p class=\"uagb-question\">Ich m\u00f6chte jetzt ein Ticket f\u00fcr das Symposium kaufen, will mich aber auch f\u00fcr die \u201eStars of tomorrow\u201c-Konzertreihe bewerben. Was passiert, wenn ich einen Platz erhalte?<\/p><\/div><div class=\"uagb-faq-content\"><p>Wer ein Einzelticket (Early Bird oder Normalpreis) kauft und einen Platz in der \u201eStars of tomorrow\u201c-Konzertreihe bekommt oder an den Masterclasses teilnimmt, erh\u00e4lt den Ticketpreis zur\u00fcck. Wer ein Gruppenticket erwirbt, hat kein Anrecht auf eine R\u00fcckerstattung.<\/p><\/div><\/div><div class=\"wp-block-uagb-faq-child uagb-faq-child__outer-wrap uagb-faq-item uagb-block-ffaf2f96\" role=\"tab\" tabindex=\"0\"><div class=\"uagb-faq-questions-button uagb-faq-questions\">\t\t\t<span class=\"uagb-icon uagb-faq-icon-wrap\">\n\t\t\t\t\t\t\t\t<svg xmlns=\"https:\/\/www.w3.org\/2000\/svg\" viewbox= \"0 0 448 512\"><path d=\"M224 416c-8.188 0-16.38-3.125-22.62-9.375l-192-192c-12.5-12.5-12.5-32.75 0-45.25s32.75-12.5 45.25 0L224 338.8l169.4-169.4c12.5-12.5 32.75-12.5 45.25 0s12.5 32.75 0 45.25l-192 192C240.4 412.9 232.2 416 224 416z\"><\/path><\/svg>\n\t\t\t\t\t\t\t<\/span>\n\t\t\t\t\t\t<span class=\"uagb-icon-active uagb-faq-icon-wrap\">\n\t\t\t\t\t\t\t\t<svg xmlns=\"https:\/\/www.w3.org\/2000\/svg\" viewbox= \"0 0 448 512\"><path d=\"M400 288h-352c-17.69 0-32-14.32-32-32.01s14.31-31.99 32-31.99h352c17.69 0 32 14.3 32 31.99S417.7 288 400 288z\"><\/path><\/svg>\n\t\t\t\t\t\t\t<\/span>\n\t\t\t<p class=\"uagb-question\">Was f\u00fcr Videos muss ich f\u00fcr \u201eStars of tomorrow\u201d einreichen?<\/p><\/div><div class=\"uagb-faq-content\"><p>Um die Bewerbung abschlie\u00dfen zu k\u00f6nnen, muss man neben dem Lebenslauf, dem Programmvorschlag und den zwei Fotos auch zwei Videos hochladen.<br><br>Jedes Video soll ein St\u00fcck des vorgeschlagenen Programms enthalten, welches selbst interpretiert, unbearbeitet, ungeschnitten und ungek\u00fcrzt auf einem der g\u00e4ngigen Videoportale hochgeladen wurde (YouTube o.\u00e4.). Bei den St\u00fccken kann es sich um ganze Werke, aber auch um einzelne S\u00e4tze handeln. F\u00fcr die Bewerbung reichen Links zu den Videos. Bitte stellt bei der Bewerbung sicher, dass die Kommission die Links auch \u00f6ffnen kann (insbesondere bei nicht gelisteten Videos).<\/p><\/div><\/div><\/div><\/div><\/div>\n\n\n\n<div class=\"wp-block-uagb-container uagb-block-rapsi8vg alignfull uagb-is-root-container\"><div class=\"uagb-container-inner-blocks-wrap\">\n<div class=\"wp-block-uagb-container uagb-block-osztuyre alignfull uagb-is-root-container\"><div class=\"uagb-container-inner-blocks-wrap\">\n<div class=\"wp-block-uagb-info-box uagb-block-rqh5fc7o uagb-infobox__content-wrap  uagb-infobox-icon-above-title uagb-infobox-image-valign-top\"><div class=\"uagb-ifb-content\"><div class=\"uagb-ifb-title-wrap\"><h3 class=\"uagb-ifb-title\">Die Website wird st\u00e4ndig erweitert. Bitte schauen Sie von Zeit zu Zeit vorbei, um die neuesten Informationen zu erhalten!<\/h3><\/div><\/div><\/div>\n<\/div><\/div>\n<\/div><\/div>\n\n\n\n<p><\/p>","protected":false},"excerpt":{"rendered":"<p>FAQs \u2013 h\u00e4ufig gestellte Fragen<\/p>","protected":false},"author":1,"featured_media":0,"parent":0,"menu_order":0,"comment_status":"closed","ping_status":"closed","template":"","meta":{"_surecart_dashboard_logo_width":"180px","_surecart_dashboard_show_logo":true,"_surecart_dashboard_navigation_orders":true,"_surecart_dashboard_navigation_invoices":true,"_surecart_dashboard_navigation_subscriptions":true,"_surecart_dashboard_navigation_downloads":true,"_surecart_dashboard_navigation_billing":true,"_surecart_dashboard_navigation_account":true,"_uag_custom_page_level_css":"","site-sidebar-layout":"default","site-content-layout":"","ast-site-content-layout":"default","site-content-style":"default","site-sidebar-style":"default","ast-global-header-display":"","ast-banner-title-visibility":"","ast-main-header-display":"","ast-hfb-above-header-display":"","ast-hfb-below-header-display":"","ast-hfb-mobile-header-display":"","site-post-title":"disabled","ast-breadcrumbs-content":"","ast-featured-img":"","footer-sml-layout":"","ast-disable-related-posts":"","theme-transparent-header-meta":"","adv-header-id-meta":"","stick-header-meta":"","header-above-stick-meta":"","header-main-stick-meta":"","header-below-stick-meta":"","astra-migrate-meta-layouts":"set","ast-page-background-enabled":"default","ast-page-background-meta":{"desktop":{"background-color":"var(--ast-global-color-4)","background-image":"","background-repeat":"repeat","background-position":"center center","background-size":"auto","background-attachment":"scroll","background-type":"","background-media":"","overlay-type":"","overlay-color":"","overlay-opacity":"","overlay-gradient":""},"tablet":{"background-color":"","background-image":"","background-repeat":"repeat","background-position":"center center","background-size":"auto","background-attachment":"scroll","background-type":"","background-media":"","overlay-type":"","overlay-color":"","overlay-opacity":"","overlay-gradient":""},"mobile":{"background-color":"","background-image":"","background-repeat":"repeat","background-position":"center center","background-size":"auto","background-attachment":"scroll","background-type":"","background-media":"","overlay-type":"","overlay-color":"","overlay-opacity":"","overlay-gradient":""}},"ast-content-background-meta":{"desktop":{"background-color":"var(--ast-global-color-5)","background-image":"","background-repeat":"repeat","background-position":"center center","background-size":"auto","background-attachment":"scroll","background-type":"","background-media":"","overlay-type":"","overlay-color":"","overlay-opacity":"","overlay-gradient":""},"tablet":{"background-color":"var(--ast-global-color-5)","background-image":"","background-repeat":"repeat","background-position":"center center","background-size":"auto","background-attachment":"scroll","background-type":"","background-media":"","overlay-type":"","overlay-color":"","overlay-opacity":"","overlay-gradient":""},"mobile":{"background-color":"var(--ast-global-color-5)","background-image":"","background-repeat":"repeat","background-position":"center center","background-size":"auto","background-attachment":"scroll","background-type":"","background-media":"","overlay-type":"","overlay-color":"","overlay-opacity":"","overlay-gradient":""}},"footnotes":""},"class_list":["post-2614","page","type-page","status-publish","hentry"],"featured_image_src":null,"yoast_head":"<!-- This site is optimized with the Yoast SEO plugin v27.4 - https:\/\/yoast.com\/product\/yoast-seo-wordpress\/ -->\n<title>FAQ - Stellae Matutinae - European Harp Symposium<\/title>\n<meta name=\"robots\" content=\"index, follow, max-snippet:-1, max-image-preview:large, max-video-preview:-1\" \/>\n<link rel=\"canonical\" href=\"https:\/\/stellaematutinae.org\/de\/faq\/\" \/>\n<meta property=\"og:locale\" content=\"de_DE\" \/>\n<meta property=\"og:type\" content=\"article\" \/>\n<meta property=\"og:title\" content=\"FAQ - Stellae Matutinae - European Harp Symposium\" \/>\n<meta property=\"og:description\" content=\"Frequently Asked Questions\" \/>\n<meta property=\"og:url\" content=\"https:\/\/stellaematutinae.org\/de\/faq\/\" \/>\n<meta property=\"og:site_name\" content=\"Stellae Matutinae - European Harp Symposium\" \/>\n<meta property=\"article:publisher\" content=\"https:\/\/www.facebook.com\/stellaematutinae\" \/>\n<meta property=\"article:modified_time\" content=\"2025-01-07T20:53:32+00:00\" \/>\n<meta property=\"og:image\" content=\"https:\/\/stellaematutinae.org\/wp-content\/uploads\/2024\/10\/Website-Large-scaled.jpg\" \/>\n\t<meta property=\"og:image:width\" content=\"2560\" \/>\n\t<meta property=\"og:image:height\" content=\"1440\" \/>\n\t<meta property=\"og:image:type\" content=\"image\/jpeg\" \/>\n<meta name=\"twitter:card\" content=\"summary_large_image\" \/>\n<meta name=\"twitter:label1\" content=\"Gesch\u00e4tzte Lesezeit\" \/>\n\t<meta name=\"twitter:data1\" content=\"1\u00a0Minute\" \/>\n<script type=\"application\/ld+json\" class=\"yoast-schema-graph\">{\"@context\":\"https:\\\/\\\/schema.org\",\"@graph\":[{\"@type\":\"WebPage\",\"@id\":\"https:\\\/\\\/stellaematutinae.org\\\/faq\\\/\",\"url\":\"https:\\\/\\\/stellaematutinae.org\\\/faq\\\/\",\"name\":\"FAQ - Stellae Matutinae - European Harp Symposium\",\"isPartOf\":{\"@id\":\"https:\\\/\\\/stellaematutinae.org\\\/#website\"},\"datePublished\":\"2024-10-12T06:40:29+00:00\",\"dateModified\":\"2025-01-07T20:53:32+00:00\",\"breadcrumb\":{\"@id\":\"https:\\\/\\\/stellaematutinae.org\\\/faq\\\/#breadcrumb\"},\"inLanguage\":\"de\",\"potentialAction\":[{\"@type\":\"ReadAction\",\"target\":[\"https:\\\/\\\/stellaematutinae.org\\\/faq\\\/\"]}]},{\"@type\":\"BreadcrumbList\",\"@id\":\"https:\\\/\\\/stellaematutinae.org\\\/faq\\\/#breadcrumb\",\"itemListElement\":[{\"@type\":\"ListItem\",\"position\":1,\"name\":\"Home\",\"item\":\"https:\\\/\\\/stellaematutinae.org\\\/\"},{\"@type\":\"ListItem\",\"position\":2,\"name\":\"FAQ\"}]},{\"@type\":\"WebSite\",\"@id\":\"https:\\\/\\\/stellaematutinae.org\\\/#website\",\"url\":\"https:\\\/\\\/stellaematutinae.org\\\/\",\"name\":\"Stellae Matutinae - European Harp Symposium\",\"description\":\"Folge den Sternen - Follow the Stars\",\"publisher\":{\"@id\":\"https:\\\/\\\/stellaematutinae.org\\\/#organization\"},\"alternateName\":\"European Harp Symposium 2025\",\"potentialAction\":[{\"@type\":\"SearchAction\",\"target\":{\"@type\":\"EntryPoint\",\"urlTemplate\":\"https:\\\/\\\/stellaematutinae.org\\\/?s={search_term_string}\"},\"query-input\":{\"@type\":\"PropertyValueSpecification\",\"valueRequired\":true,\"valueName\":\"search_term_string\"}}],\"inLanguage\":\"de\"},{\"@type\":\"Organization\",\"@id\":\"https:\\\/\\\/stellaematutinae.org\\\/#organization\",\"name\":\"Stellae Matutinae\",\"url\":\"https:\\\/\\\/stellaematutinae.org\\\/\",\"logo\":{\"@type\":\"ImageObject\",\"inLanguage\":\"de\",\"@id\":\"https:\\\/\\\/stellaematutinae.org\\\/#\\\/schema\\\/logo\\\/image\\\/\",\"url\":\"http:\\\/\\\/stellaematutinae.org\\\/wp-content\\\/uploads\\\/2024\\\/09\\\/cropped-nur-Stern.png\",\"contentUrl\":\"http:\\\/\\\/stellaematutinae.org\\\/wp-content\\\/uploads\\\/2024\\\/09\\\/cropped-nur-Stern.png\",\"width\":512,\"height\":512,\"caption\":\"Stellae Matutinae\"},\"image\":{\"@id\":\"https:\\\/\\\/stellaematutinae.org\\\/#\\\/schema\\\/logo\\\/image\\\/\"},\"sameAs\":[\"https:\\\/\\\/www.facebook.com\\\/stellaematutinae\",\"https:\\\/\\\/www.youtube.com\\\/@stellae_matutinae\",\"https:\\\/\\\/instagram.com\\\/stellaematutinae\"]}]}<\/script>\n<!-- \/ Yoast SEO plugin. -->","yoast_head_json":{"title":"FAQ - Stellae Matutinae - European Harp Symposium","robots":{"index":"index","follow":"follow","max-snippet":"max-snippet:-1","max-image-preview":"max-image-preview:large","max-video-preview":"max-video-preview:-1"},"canonical":"https:\/\/stellaematutinae.org\/de\/faq\/","og_locale":"de_DE","og_type":"article","og_title":"FAQ - Stellae Matutinae - European Harp Symposium","og_description":"Frequently Asked Questions","og_url":"https:\/\/stellaematutinae.org\/de\/faq\/","og_site_name":"Stellae Matutinae - European Harp Symposium","article_publisher":"https:\/\/www.facebook.com\/stellaematutinae","article_modified_time":"2025-01-07T20:53:32+00:00","og_image":[{"width":2560,"height":1440,"url":"https:\/\/stellaematutinae.org\/wp-content\/uploads\/2024\/10\/Website-Large-scaled.jpg","type":"image\/jpeg"}],"twitter_card":"summary_large_image","twitter_misc":{"Gesch\u00e4tzte Lesezeit":"1\u00a0Minute"},"schema":{"@context":"https:\/\/schema.org","@graph":[{"@type":"WebPage","@id":"https:\/\/stellaematutinae.org\/faq\/","url":"https:\/\/stellaematutinae.org\/faq\/","name":"FAQ - Stellae Matutinae - European Harp Symposium","isPartOf":{"@id":"https:\/\/stellaematutinae.org\/#website"},"datePublished":"2024-10-12T06:40:29+00:00","dateModified":"2025-01-07T20:53:32+00:00","breadcrumb":{"@id":"https:\/\/stellaematutinae.org\/faq\/#breadcrumb"},"inLanguage":"de","potentialAction":[{"@type":"ReadAction","target":["https:\/\/stellaematutinae.org\/faq\/"]}]},{"@type":"BreadcrumbList","@id":"https:\/\/stellaematutinae.org\/faq\/#breadcrumb","itemListElement":[{"@type":"ListItem","position":1,"name":"Home","item":"https:\/\/stellaematutinae.org\/"},{"@type":"ListItem","position":2,"name":"FAQ"}]},{"@type":"WebSite","@id":"https:\/\/stellaematutinae.org\/#website","url":"https:\/\/stellaematutinae.org\/","name":"Stellae Matutinae - European Harp Symposium","description":"Folge den Sternen - Follow the Stars","publisher":{"@id":"https:\/\/stellaematutinae.org\/#organization"},"alternateName":"European Harp Symposium 2025","potentialAction":[{"@type":"SearchAction","target":{"@type":"EntryPoint","urlTemplate":"https:\/\/stellaematutinae.org\/?s={search_term_string}"},"query-input":{"@type":"PropertyValueSpecification","valueRequired":true,"valueName":"search_term_string"}}],"inLanguage":"de"},{"@type":"Organization","@id":"https:\/\/stellaematutinae.org\/#organization","name":"Stellae Matutinae","url":"https:\/\/stellaematutinae.org\/","logo":{"@type":"ImageObject","inLanguage":"de","@id":"https:\/\/stellaematutinae.org\/#\/schema\/logo\/image\/","url":"http:\/\/stellaematutinae.org\/wp-content\/uploads\/2024\/09\/cropped-nur-Stern.png","contentUrl":"http:\/\/stellaematutinae.org\/wp-content\/uploads\/2024\/09\/cropped-nur-Stern.png","width":512,"height":512,"caption":"Stellae Matutinae"},"image":{"@id":"https:\/\/stellaematutinae.org\/#\/schema\/logo\/image\/"},"sameAs":["https:\/\/www.facebook.com\/stellaematutinae","https:\/\/www.youtube.com\/@stellae_matutinae","https:\/\/instagram.com\/stellaematutinae"]}]}},"uagb_featured_image_src":{"full":false,"thumbnail":false,"medium":false,"medium_large":false,"large":false,"1536x1536":false,"2048x2048":false,"trp-custom-language-flag":false,"tb-timeline-landscape":false,"tb-timeline-square":false},"uagb_author_info":{"display_name":"admin","author_link":"https:\/\/stellaematutinae.org\/de\/author\/admin\/"},"uagb_comment_info":0,"uagb_excerpt":"Frequently Asked Questions","_links":{"self":[{"href":"https:\/\/stellaematutinae.org\/de\/wp-json\/wp\/v2\/pages\/2614","targetHints":{"allow":["GET"]}}],"collection":[{"href":"https:\/\/stellaematutinae.org\/de\/wp-json\/wp\/v2\/pages"}],"about":[{"href":"https:\/\/stellaematutinae.org\/de\/wp-json\/wp\/v2\/types\/page"}],"author":[{"embeddable":true,"href":"https:\/\/stellaematutinae.org\/de\/wp-json\/wp\/v2\/users\/1"}],"replies":[{"embeddable":true,"href":"https:\/\/stellaematutinae.org\/de\/wp-json\/wp\/v2\/comments?post=2614"}],"version-history":[{"count":11,"href":"https:\/\/stellaematutinae.org\/de\/wp-json\/wp\/v2\/pages\/2614\/revisions"}],"predecessor-version":[{"id":3069,"href":"https:\/\/stellaematutinae.org\/de\/wp-json\/wp\/v2\/pages\/2614\/revisions\/3069"}],"wp:attachment":[{"href":"https:\/\/stellaematutinae.org\/de\/wp-json\/wp\/v2\/media?parent=2614"}],"curies":[{"name":"wp","href":"https:\/\/api.w.org\/{rel}","templated":true}]}}