{"id":2436,"date":"2024-10-01T13:24:58","date_gmt":"2024-10-01T13:24:58","guid":{"rendered":"https:\/\/stellaematutinae.org\/?page_id=2436"},"modified":"2024-12-31T12:13:31","modified_gmt":"2024-12-31T12:13:31","slug":"park-stickney","status":"publish","type":"page","link":"https:\/\/stellaematutinae.org\/de\/park-stickney\/","title":{"rendered":"Park Stickney"},"content":{"rendered":"<div class=\"wp-block-uagb-container uagb-block-nozrcroi alignfull uagb-is-root-container\"><div class=\"uagb-container-inner-blocks-wrap\">\n<div class=\"wp-block-uagb-container uagb-block-mzbk5ge9\">\n<div class=\"wp-block-uagb-info-box uagb-block-nosvut4v uagb-infobox__content-wrap  uagb-infobox-icon-above-title uagb-infobox-image-valign-top wp-block-uagb-info-box--has-margin\"><div class=\"uagb-infobox-margin-wrapper\"><div class=\"uagb-ifb-content\"><div class=\"uagb-ifb-title-wrap\"><h2 class=\"uagb-ifb-title\"><strong>Park Stickney<\/strong><\/h2><\/div><p class=\"uagb-ifb-desc\">Park Stickney aus New York ist derzeit unangefochten die Nr. 1 der Jazzharfe. Seine Shows auf der gro\u00dfen Konzertharfe zeigen das besinnliche Instrument in v\u00f6llig neuem Gesicht: Virtuos und perkussiv, mit Bassli-nien, die sich groovend in die perlenden Bebop L\u00e4ufe eines Miles Davis St\u00fccks weben, tremoloartiges Flirren bei andalusischen Alhambra Kl\u00e4ngen oder vielschichtig bei seinen eigenen Kompositionen, die alle Genre-grenzen \u00fcbersteigen. In seiner Version von Dave Brubecks Take Five im schr\u00e4gen 5\/4 Takt simuliert er gleichzeitig die Rollen von Klavier, Saxofon und Bass \u2013 und improvisiert auch noch dazu.<br><br>In seiner Version von Dave Brubecks Take Five im schr\u00e4gen 5\/4 Takt simuliert er gleichzeitig die Rollen von Klavier, Saxofon und Bass \u2013 und improvisiert auch noch dazu. Fast perplex kann man beobachten, wie Stickney mit gesch\u00e4tzter Schuhgr\u00f6\u00dfe 48 und gro\u00dfem K\u00f6rpereinsatz mehrere Pedale seiner Harfe in einem Rutsch gleichzeitig bedient, \u00e4hnlich wie Autorennfahrer dies bei Gas, Bremse und Kupplung tun. Die Ergebnisse sind in beiden F\u00e4llen die gleichen: rasante Man\u00f6ver, ungeahnte Effekte in unglaublichen Grenzbereichen werden so m\u00f6glich. Pedal slides, Chromatische Improvisationen\u2026 alles klingt leicht bei ihm, auch hochvirtuose Techniken, die ihm in der Harfenwelt sonst keiner nachmachen kann. Die D\u00e4mpftechnik hat er so weit entwickelt, dass er alle T\u00f6ne einer Improvisation absolut separat spielen kann<br><br>Neben seinem Profil als Star der Jazz Harfe arbeitet er auch weiterhin an klassischen Programmen, und ist \u00fcbrigens auch ein hervorragender Jazz- und Klassik-Pianist. Park lebt abwechselnd in New York und in Genf.<br><br>Bereits im jungen Alter von zehn Jahren schleppte Park Stickney die riesige Harfe zu seinem ersten Wett-bewerb, dem Jazz- und Pop Harp Festival, der ihm wesentlich spannender erschien als die konventionellen Klassik-Veranstaltungen. Nachdem er die Juilliard School in New York abgeschlossen hatte, reiste er als Soloharfenist und Lehrer mit verschiedenen Ensembles aus den Bereichen Jazz, Klassik und Rock durch die USA, Europa und Asien. Gemeinsam mit der Harfenistin Daphne Hellmann tourte Stickney durch Hong Kong, Indien und Sri Lanka, unterrichtete und konzertierte am Umbria Jazz Festival in Zusammenarbeit mit der Berklee School of Music, am Edinburgh Harp Festival sowie in Frankreich an der Academy of Pierre Jamet in Gargilesse. Park Stickney war Gastsolist am Soka Harp Festival in Japan, an den ersten zwei kari-bischen Harfenfestivals in Puerto Rico und mehrere Male beim Weltharfenkongress.<br><br>1999 begann seine Zusammenarbeit mit R\u00fcdiger Oppermann mit dem er im Duo durch Korea, Schottland und Deutschland tourte. Dabei entstand eine gemeinsame Duo CD.<br><br>Im Jahr 2002 entwickelte sich eine lang-j\u00e4hrige Zusammenarbeit mit dem Bassisten Dino Contenti und einigen anderen italienischen und franz\u00f6si-schen Musikern, die durch Italien, die Schweiz, England, Deutschland und Spanien tourten.<br><br>Neben seinen Engagements am Broadway spielt er weltweit auf allen gro\u00dfen Harfenfestivals (World Harp Congress, Festival Gargilesse, Arles, Mosenberg Harfentreffen, Violau, Soka\/Japan, Puertu Rico), auf vielen gro\u00dfen Jazzfestivals (Umbria Jazz, Chicago Jazz &amp; Pop Harp Festival, Edinburg Jazz Festival\u2026) und tourte weltweit mit verschiedenen Ensembles, (u.a. mit den Crash Test Dummies), und im Duo mit R\u00fcdiger Opper-mann. Park Stickney ist Professor f\u00fcr Jazzharfe an der Royal Academy of Music in London. Au\u00dferdem gab er Masterclasses an der Juilliard School, New York, am Chopin Conservatory in Warschau, an der Hoch-schule f\u00fcr Musik in M\u00fcnchen, am Konservatorium in Barcelona, Lausanne, Turin und Pesaro.<br><br>Das Projekt: \u201cMozart &amp; More\u201c mit Regina K\u00fcffer verbindet Klassik und Jazz mit improvisatorischen Elementen. F\u00fcr seine Konzertreisen wird er weltweit von Lyon &amp; Healy mit ElektroHarfen versorgt.<br><br>\u201cPark Stickney ist der einzige Harfenist auf der Welt, der absolut frei chromatisch improvisieren kann. Er ist eine Extraklasse f\u00fcr sich, weit \u00fcber uns allen anderen. Es ist mir eine Ehre, mit ihm zu spielen!\u201d \u2013 R\u00fcdiger Oppermann<br><br>He is also an enthusiastic but decidedly un-gifted Swiss volunteer fireman.<br><br>Valeyres-sous-Ursins, May 2013<\/p><\/div><\/div><\/div>\n\n\n\n<div class=\"wp-block-uagb-image alignleft uagb-block-fevk6p4n wp-block-uagb-image--layout-default wp-block-uagb-image--effect-static wp-block-uagb-image--align-left\"><figure class=\"wp-block-uagb-image__figure\"><img decoding=\"async\" srcset=\"https:\/\/stellaematutinae.org\/wp-content\/uploads\/2024\/10\/Park-Stickney-Preferred-1024x683.jpg ,https:\/\/stellaematutinae.org\/wp-content\/uploads\/2024\/10\/Park-Stickney-Preferred-scaled.jpg 780w, https:\/\/stellaematutinae.org\/wp-content\/uploads\/2024\/10\/Park-Stickney-Preferred-scaled.jpg 360w\" sizes=\"auto, (max-width: 480px) 150px\" src=\"https:\/\/stellaematutinae.org\/wp-content\/uploads\/2024\/10\/Park-Stickney-Preferred-1024x683.jpg\" alt=\"\" class=\"uag-image-2437\" width=\"564\" height=\"376\" title=\"Park Stickney Preferred\" loading=\"lazy\" role=\"img\"\/><\/figure><\/div>\n\n\n\n<div class=\"wp-block-uagb-info-box uagb-block-fft3bzol uagb-infobox__content-wrap  uagb-infobox-icon-above-title uagb-infobox-image-valign-top wp-block-uagb-info-box--has-margin\"><div class=\"uagb-infobox-margin-wrapper\"><div class=\"uagb-ifb-content\"><div class=\"uagb-ifb-title-wrap\"><\/div><\/div><\/div><\/div>\n<\/div>\n\n\n\n<div class=\"wp-block-uagb-container uagb-block-1bimh2vt\">\n<div class=\"wp-block-uagb-image alignleft uagb-block-kmbx8qg0 wp-block-uagb-image--layout-default wp-block-uagb-image--effect-static wp-block-uagb-image--align-left\"><figure class=\"wp-block-uagb-image__figure\"><img decoding=\"async\" srcset=\"https:\/\/stellaematutinae.org\/wp-content\/uploads\/2024\/09\/park_lo.jpg ,https:\/\/stellaematutinae.org\/wp-content\/uploads\/2024\/09\/park_lo.jpg 780w, https:\/\/stellaematutinae.org\/wp-content\/uploads\/2024\/09\/park_lo.jpg 360w\" sizes=\"auto, (max-width: 480px) 150px\" src=\"https:\/\/stellaematutinae.org\/wp-content\/uploads\/2024\/09\/park_lo.jpg\" alt=\"\" class=\"uag-image-2355\" width=\"564\" height=\"376\" title=\"park_lo\" loading=\"lazy\" role=\"img\"\/><\/figure><\/div>\n\n\n\n<div class=\"wp-block-uagb-info-box uagb-block-8uazjqwt uagb-infobox__content-wrap  uagb-infobox-icon-above-title uagb-infobox-image-valign-top wp-block-uagb-info-box--has-margin\"><div class=\"uagb-infobox-margin-wrapper\"><div class=\"uagb-ifb-content\"><div class=\"uagb-ifb-title-wrap\"><\/div><\/div><\/div><\/div>\n\n\n\n<figure class=\"wp-block-embed is-type-video is-provider-youtube wp-block-embed-youtube wp-embed-aspect-16-9 wp-has-aspect-ratio\"><div class=\"wp-block-embed__wrapper\">\n<iframe loading=\"lazy\" title=\"Bohemian Rhapsody\" width=\"500\" height=\"281\" src=\"https:\/\/www.youtube.com\/embed\/FoinhVEg_QQ?feature=oembed\" frameborder=\"0\" allow=\"accelerometer; autoplay; clipboard-write; encrypted-media; gyroscope; picture-in-picture; web-share\" referrerpolicy=\"strict-origin-when-cross-origin\" allowfullscreen><\/iframe>\n<\/div><\/figure>\n\n\n\n<div class=\"wp-block-uagb-info-box uagb-block-sjiorxpf uagb-infobox__content-wrap  uagb-infobox-icon-above-title uagb-infobox-image-valign-top wp-block-uagb-info-box--has-margin\"><div class=\"uagb-infobox-margin-wrapper\"><div class=\"uagb-ifb-content\"><div class=\"uagb-ifb-title-wrap\"><h3 class=\"uagb-ifb-title\">Queen &#8211; Bohemian Rhapsody<\/h3><\/div><p class=\"uagb-ifb-desc\">Park Stickney playing solo electric harp version of this Queen classic.<\/p><\/div><\/div><\/div>\n<\/div>\n<\/div><\/div>","protected":false},"excerpt":{"rendered":"","protected":false},"author":1,"featured_media":0,"parent":0,"menu_order":0,"comment_status":"closed","ping_status":"closed","template":"","meta":{"_surecart_dashboard_logo_width":"180px","_surecart_dashboard_show_logo":true,"_surecart_dashboard_navigation_orders":true,"_surecart_dashboard_navigation_invoices":true,"_surecart_dashboard_navigation_subscriptions":true,"_surecart_dashboard_navigation_downloads":true,"_surecart_dashboard_navigation_billing":true,"_surecart_dashboard_navigation_account":true,"_uag_custom_page_level_css":"","site-sidebar-layout":"default","site-content-layout":"","ast-site-content-layout":"default","site-content-style":"default","site-sidebar-style":"default","ast-global-header-display":"","ast-banner-title-visibility":"","ast-main-header-display":"","ast-hfb-above-header-display":"","ast-hfb-below-header-display":"","ast-hfb-mobile-header-display":"","site-post-title":"","ast-breadcrumbs-content":"","ast-featured-img":"","footer-sml-layout":"","ast-disable-related-posts":"","theme-transparent-header-meta":"","adv-header-id-meta":"","stick-header-meta":"","header-above-stick-meta":"","header-main-stick-meta":"","header-below-stick-meta":"","astra-migrate-meta-layouts":"set","ast-page-background-enabled":"default","ast-page-background-meta":{"desktop":{"background-color":"var(--ast-global-color-4)","background-image":"","background-repeat":"repeat","background-position":"center center","background-size":"auto","background-attachment":"scroll","background-type":"","background-media":"","overlay-type":"","overlay-color":"","overlay-opacity":"","overlay-gradient":""},"tablet":{"background-color":"","background-image":"","background-repeat":"repeat","background-position":"center center","background-size":"auto","background-attachment":"scroll","background-type":"","background-media":"","overlay-type":"","overlay-color":"","overlay-opacity":"","overlay-gradient":""},"mobile":{"background-color":"","background-image":"","background-repeat":"repeat","background-position":"center center","background-size":"auto","background-attachment":"scroll","background-type":"","background-media":"","overlay-type":"","overlay-color":"","overlay-opacity":"","overlay-gradient":""}},"ast-content-background-meta":{"desktop":{"background-color":"var(--ast-global-color-5)","background-image":"","background-repeat":"repeat","background-position":"center center","background-size":"auto","background-attachment":"scroll","background-type":"","background-media":"","overlay-type":"","overlay-color":"","overlay-opacity":"","overlay-gradient":""},"tablet":{"background-color":"var(--ast-global-color-5)","background-image":"","background-repeat":"repeat","background-position":"center center","background-size":"auto","background-attachment":"scroll","background-type":"","background-media":"","overlay-type":"","overlay-color":"","overlay-opacity":"","overlay-gradient":""},"mobile":{"background-color":"var(--ast-global-color-5)","background-image":"","background-repeat":"repeat","background-position":"center center","background-size":"auto","background-attachment":"scroll","background-type":"","background-media":"","overlay-type":"","overlay-color":"","overlay-opacity":"","overlay-gradient":""}},"footnotes":""},"class_list":["post-2436","page","type-page","status-publish","hentry"],"featured_image_src":null,"yoast_head":"<!-- This site is optimized with the Yoast SEO plugin v27.5 - https:\/\/yoast.com\/product\/yoast-seo-wordpress\/ -->\n<title>Park Stickney - Stellae Matutinae - European Harp Symposium<\/title>\n<meta name=\"robots\" content=\"index, follow, max-snippet:-1, max-image-preview:large, max-video-preview:-1\" \/>\n<link rel=\"canonical\" href=\"https:\/\/stellaematutinae.org\/de\/park-stickney\/\" \/>\n<meta property=\"og:locale\" content=\"de_DE\" \/>\n<meta property=\"og:type\" content=\"article\" \/>\n<meta property=\"og:title\" content=\"Park Stickney - Stellae Matutinae - European Harp Symposium\" \/>\n<meta property=\"og:url\" content=\"https:\/\/stellaematutinae.org\/de\/park-stickney\/\" \/>\n<meta property=\"og:site_name\" content=\"Stellae Matutinae - European Harp Symposium\" \/>\n<meta property=\"article:publisher\" content=\"https:\/\/www.facebook.com\/stellaematutinae\" \/>\n<meta property=\"article:modified_time\" content=\"2024-12-31T12:13:31+00:00\" \/>\n<meta property=\"og:image\" content=\"http:\/\/stellaematutinae.org\/wp-content\/uploads\/2024\/10\/Park-Stickney-Preferred-1024x683.jpg\" \/>\n<meta name=\"twitter:card\" content=\"summary_large_image\" \/>\n<meta name=\"twitter:label1\" content=\"Gesch\u00e4tzte Lesezeit\" \/>\n\t<meta name=\"twitter:data1\" content=\"4\u00a0Minuten\" \/>\n<script type=\"application\/ld+json\" class=\"yoast-schema-graph\">{\"@context\":\"https:\\\/\\\/schema.org\",\"@graph\":[{\"@type\":\"WebPage\",\"@id\":\"https:\\\/\\\/stellaematutinae.org\\\/park-stickney\\\/\",\"url\":\"https:\\\/\\\/stellaematutinae.org\\\/park-stickney\\\/\",\"name\":\"Park Stickney - Stellae Matutinae - European Harp Symposium\",\"isPartOf\":{\"@id\":\"https:\\\/\\\/stellaematutinae.org\\\/#website\"},\"primaryImageOfPage\":{\"@id\":\"https:\\\/\\\/stellaematutinae.org\\\/park-stickney\\\/#primaryimage\"},\"image\":{\"@id\":\"https:\\\/\\\/stellaematutinae.org\\\/park-stickney\\\/#primaryimage\"},\"thumbnailUrl\":\"http:\\\/\\\/stellaematutinae.org\\\/wp-content\\\/uploads\\\/2024\\\/10\\\/Park-Stickney-Preferred-1024x683.jpg\",\"datePublished\":\"2024-10-01T13:24:58+00:00\",\"dateModified\":\"2024-12-31T12:13:31+00:00\",\"breadcrumb\":{\"@id\":\"https:\\\/\\\/stellaematutinae.org\\\/park-stickney\\\/#breadcrumb\"},\"inLanguage\":\"de\",\"potentialAction\":[{\"@type\":\"ReadAction\",\"target\":[\"https:\\\/\\\/stellaematutinae.org\\\/park-stickney\\\/\"]}]},{\"@type\":\"ImageObject\",\"inLanguage\":\"de\",\"@id\":\"https:\\\/\\\/stellaematutinae.org\\\/park-stickney\\\/#primaryimage\",\"url\":\"http:\\\/\\\/stellaematutinae.org\\\/wp-content\\\/uploads\\\/2024\\\/10\\\/Park-Stickney-Preferred-1024x683.jpg\",\"contentUrl\":\"http:\\\/\\\/stellaematutinae.org\\\/wp-content\\\/uploads\\\/2024\\\/10\\\/Park-Stickney-Preferred-1024x683.jpg\"},{\"@type\":\"BreadcrumbList\",\"@id\":\"https:\\\/\\\/stellaematutinae.org\\\/park-stickney\\\/#breadcrumb\",\"itemListElement\":[{\"@type\":\"ListItem\",\"position\":1,\"name\":\"Home\",\"item\":\"https:\\\/\\\/stellaematutinae.org\\\/\"},{\"@type\":\"ListItem\",\"position\":2,\"name\":\"Park Stickney\"}]},{\"@type\":\"WebSite\",\"@id\":\"https:\\\/\\\/stellaematutinae.org\\\/#website\",\"url\":\"https:\\\/\\\/stellaematutinae.org\\\/\",\"name\":\"Stellae Matutinae - European Harp Symposium\",\"description\":\"Folge den Sternen - Follow the Stars\",\"publisher\":{\"@id\":\"https:\\\/\\\/stellaematutinae.org\\\/#organization\"},\"alternateName\":\"European Harp Symposium 2025\",\"potentialAction\":[{\"@type\":\"SearchAction\",\"target\":{\"@type\":\"EntryPoint\",\"urlTemplate\":\"https:\\\/\\\/stellaematutinae.org\\\/?s={search_term_string}\"},\"query-input\":{\"@type\":\"PropertyValueSpecification\",\"valueRequired\":true,\"valueName\":\"search_term_string\"}}],\"inLanguage\":\"de\"},{\"@type\":\"Organization\",\"@id\":\"https:\\\/\\\/stellaematutinae.org\\\/#organization\",\"name\":\"Stellae Matutinae\",\"url\":\"https:\\\/\\\/stellaematutinae.org\\\/\",\"logo\":{\"@type\":\"ImageObject\",\"inLanguage\":\"de\",\"@id\":\"https:\\\/\\\/stellaematutinae.org\\\/#\\\/schema\\\/logo\\\/image\\\/\",\"url\":\"http:\\\/\\\/stellaematutinae.org\\\/wp-content\\\/uploads\\\/2024\\\/09\\\/cropped-nur-Stern.png\",\"contentUrl\":\"http:\\\/\\\/stellaematutinae.org\\\/wp-content\\\/uploads\\\/2024\\\/09\\\/cropped-nur-Stern.png\",\"width\":512,\"height\":512,\"caption\":\"Stellae Matutinae\"},\"image\":{\"@id\":\"https:\\\/\\\/stellaematutinae.org\\\/#\\\/schema\\\/logo\\\/image\\\/\"},\"sameAs\":[\"https:\\\/\\\/www.facebook.com\\\/stellaematutinae\",\"https:\\\/\\\/www.youtube.com\\\/@stellae_matutinae\",\"https:\\\/\\\/instagram.com\\\/stellaematutinae\"]}]}<\/script>\n<!-- \/ Yoast SEO plugin. -->","yoast_head_json":{"title":"Park Stickney - Stellae Matutinae - European Harp Symposium","robots":{"index":"index","follow":"follow","max-snippet":"max-snippet:-1","max-image-preview":"max-image-preview:large","max-video-preview":"max-video-preview:-1"},"canonical":"https:\/\/stellaematutinae.org\/de\/park-stickney\/","og_locale":"de_DE","og_type":"article","og_title":"Park Stickney - Stellae Matutinae - European Harp Symposium","og_url":"https:\/\/stellaematutinae.org\/de\/park-stickney\/","og_site_name":"Stellae Matutinae - European Harp Symposium","article_publisher":"https:\/\/www.facebook.com\/stellaematutinae","article_modified_time":"2024-12-31T12:13:31+00:00","og_image":[{"url":"http:\/\/stellaematutinae.org\/wp-content\/uploads\/2024\/10\/Park-Stickney-Preferred-1024x683.jpg","type":"","width":"","height":""}],"twitter_card":"summary_large_image","twitter_misc":{"Gesch\u00e4tzte Lesezeit":"4\u00a0Minuten"},"schema":{"@context":"https:\/\/schema.org","@graph":[{"@type":"WebPage","@id":"https:\/\/stellaematutinae.org\/park-stickney\/","url":"https:\/\/stellaematutinae.org\/park-stickney\/","name":"Park Stickney - Stellae Matutinae - European Harp Symposium","isPartOf":{"@id":"https:\/\/stellaematutinae.org\/#website"},"primaryImageOfPage":{"@id":"https:\/\/stellaematutinae.org\/park-stickney\/#primaryimage"},"image":{"@id":"https:\/\/stellaematutinae.org\/park-stickney\/#primaryimage"},"thumbnailUrl":"http:\/\/stellaematutinae.org\/wp-content\/uploads\/2024\/10\/Park-Stickney-Preferred-1024x683.jpg","datePublished":"2024-10-01T13:24:58+00:00","dateModified":"2024-12-31T12:13:31+00:00","breadcrumb":{"@id":"https:\/\/stellaematutinae.org\/park-stickney\/#breadcrumb"},"inLanguage":"de","potentialAction":[{"@type":"ReadAction","target":["https:\/\/stellaematutinae.org\/park-stickney\/"]}]},{"@type":"ImageObject","inLanguage":"de","@id":"https:\/\/stellaematutinae.org\/park-stickney\/#primaryimage","url":"http:\/\/stellaematutinae.org\/wp-content\/uploads\/2024\/10\/Park-Stickney-Preferred-1024x683.jpg","contentUrl":"http:\/\/stellaematutinae.org\/wp-content\/uploads\/2024\/10\/Park-Stickney-Preferred-1024x683.jpg"},{"@type":"BreadcrumbList","@id":"https:\/\/stellaematutinae.org\/park-stickney\/#breadcrumb","itemListElement":[{"@type":"ListItem","position":1,"name":"Home","item":"https:\/\/stellaematutinae.org\/"},{"@type":"ListItem","position":2,"name":"Park Stickney"}]},{"@type":"WebSite","@id":"https:\/\/stellaematutinae.org\/#website","url":"https:\/\/stellaematutinae.org\/","name":"Stellae Matutinae - European Harp Symposium","description":"Folge den Sternen - Follow the Stars","publisher":{"@id":"https:\/\/stellaematutinae.org\/#organization"},"alternateName":"European Harp Symposium 2025","potentialAction":[{"@type":"SearchAction","target":{"@type":"EntryPoint","urlTemplate":"https:\/\/stellaematutinae.org\/?s={search_term_string}"},"query-input":{"@type":"PropertyValueSpecification","valueRequired":true,"valueName":"search_term_string"}}],"inLanguage":"de"},{"@type":"Organization","@id":"https:\/\/stellaematutinae.org\/#organization","name":"Stellae Matutinae","url":"https:\/\/stellaematutinae.org\/","logo":{"@type":"ImageObject","inLanguage":"de","@id":"https:\/\/stellaematutinae.org\/#\/schema\/logo\/image\/","url":"http:\/\/stellaematutinae.org\/wp-content\/uploads\/2024\/09\/cropped-nur-Stern.png","contentUrl":"http:\/\/stellaematutinae.org\/wp-content\/uploads\/2024\/09\/cropped-nur-Stern.png","width":512,"height":512,"caption":"Stellae Matutinae"},"image":{"@id":"https:\/\/stellaematutinae.org\/#\/schema\/logo\/image\/"},"sameAs":["https:\/\/www.facebook.com\/stellaematutinae","https:\/\/www.youtube.com\/@stellae_matutinae","https:\/\/instagram.com\/stellaematutinae"]}]}},"uagb_featured_image_src":{"full":false,"thumbnail":false,"medium":false,"medium_large":false,"large":false,"1536x1536":false,"2048x2048":false,"trp-custom-language-flag":false,"tb-timeline-landscape":false,"tb-timeline-square":false},"uagb_author_info":{"display_name":"admin","author_link":"https:\/\/stellaematutinae.org\/de\/author\/admin\/"},"uagb_comment_info":0,"uagb_excerpt":null,"_links":{"self":[{"href":"https:\/\/stellaematutinae.org\/de\/wp-json\/wp\/v2\/pages\/2436","targetHints":{"allow":["GET"]}}],"collection":[{"href":"https:\/\/stellaematutinae.org\/de\/wp-json\/wp\/v2\/pages"}],"about":[{"href":"https:\/\/stellaematutinae.org\/de\/wp-json\/wp\/v2\/types\/page"}],"author":[{"embeddable":true,"href":"https:\/\/stellaematutinae.org\/de\/wp-json\/wp\/v2\/users\/1"}],"replies":[{"embeddable":true,"href":"https:\/\/stellaematutinae.org\/de\/wp-json\/wp\/v2\/comments?post=2436"}],"version-history":[{"count":3,"href":"https:\/\/stellaematutinae.org\/de\/wp-json\/wp\/v2\/pages\/2436\/revisions"}],"predecessor-version":[{"id":3029,"href":"https:\/\/stellaematutinae.org\/de\/wp-json\/wp\/v2\/pages\/2436\/revisions\/3029"}],"wp:attachment":[{"href":"https:\/\/stellaematutinae.org\/de\/wp-json\/wp\/v2\/media?parent=2436"}],"curies":[{"name":"wp","href":"https:\/\/api.w.org\/{rel}","templated":true}]}}